{"id":3656,"date":"2025-11-07T03:49:26","date_gmt":"2025-11-07T06:49:26","guid":{"rendered":"https:\/\/aluguefesta.net.br\/?post_type=product&#038;p=3656"},"modified":"2025-11-07T03:52:29","modified_gmt":"2025-11-07T06:52:29","slug":"bandeja-suporte-p-frios-e-canapes-retangular-em-vidro-com-pes-g","status":"publish","type":"product","link":"https:\/\/aluguefesta.net.br\/index.php\/produto\/bandeja-suporte-p-frios-e-canapes-retangular-em-vidro-com-pes-g\/","title":{"rendered":"Bandeja Suporte p\/ frios e canap\u00e9s retangular em Vidro com p\u00e9s  G"},"content":{"rendered":"<p>Bandeja Suporte Retangulat em Vidro com p\u00e9s G<\/p>\n<p>tam 55&#215;22 cm<\/p>\n<p>acompanha 4 p\u00e9s de 3x3cm<\/p>\n","protected":false},"excerpt":{"rendered":"<p>Bandeja Suporte Retangulat em Vidro com p\u00e9s G<\/p>\n<p>tam 55&#215;22 cm<\/p>\n<p>acompanha 4 p\u00e9s de 3x3cm<\/p>\n","protected":false},"featured_media":3659,"template":"","meta":[],"_links":{"self":[{"href":"https:\/\/aluguefesta.net.br\/index.php\/wp-json\/wp\/v2\/product\/3656"}],"collection":[{"href":"https:\/\/aluguefesta.net.br\/index.php\/wp-json\/wp\/v2\/product"}],"about":[{"href":"https:\/\/aluguefesta.net.br\/index.php\/wp-json\/wp\/v2\/types\/product"}],"wp:featuredmedia":[{"embeddable":true,"href":"https:\/\/aluguefesta.net.br\/index.php\/wp-json\/wp\/v2\/media\/3659"}],"wp:attachment":[{"href":"https:\/\/aluguefesta.net.br\/index.php\/wp-json\/wp\/v2\/media?parent=3656"}],"curies":[{"name":"wp","href":"https:\/\/api.w.org\/{rel}","templated":true}]}}