{"id":3681,"date":"2025-11-08T15:39:17","date_gmt":"2025-11-08T18:39:17","guid":{"rendered":"https:\/\/aluguefesta.net.br\/?post_type=product&#038;p=3681"},"modified":"2025-12-19T02:22:26","modified_gmt":"2025-12-19T05:22:26","slug":"cascata-de-chocolate-12g-110v","status":"publish","type":"product","link":"https:\/\/aluguefesta.net.br\/index.php\/produto\/cascata-de-chocolate-12g-110v\/","title":{"rendered":"Cascata De Chocolate 1,2g 110V"},"content":{"rendered":"<p>110v<\/p>\n<p>&nbsp;<\/p>\n<p>nforma\u00e7\u00f5es t\u00e9cnicas:<br \/>\n&#8211; Cascata de Chocolate<\/p>\n<p>&#8211; Fonte: Tomada padr\u00e3o de dois pinos<br \/>\n&#8211; Voltagem: 110v<\/p>\n<p>**OBS: Precisa utilizar chocolate espec\u00edfico de cascata, dispon\u00edvel em lojas do ramo de chocolate (ex: Cacau Show). Caso n\u00e3o possua este chocolate espec\u00edfico, pode utilizar chocolate normal desde que adicione uma colher de sopa de \u00f3leo de granola ou de Canola ao chocolate. Colocar o chocolate j\u00e1 derretido, a cascata vai apenas manter o derretimento.<\/p>\n","protected":false},"excerpt":{"rendered":"<p>110v<\/p>\n<p>&nbsp;<\/p>\n<p>nforma\u00e7\u00f5es t\u00e9cnicas:<br \/>\n&#8211; Cascata de Chocolate<\/p>\n<p>&#8211; Fonte: Tomada padr\u00e3o de dois pinos<br \/>\n&#8211; Voltagem: 110v<\/p>\n<p>**OBS: Precisa utilizar chocolate espec\u00edfico de cascata, dispon\u00edvel em lojas do ramo de chocolate (ex: Cacau Show). Caso n\u00e3o possua este chocolate espec\u00edfico, pode utilizar chocolate normal desde que adicione uma colher de sopa de \u00f3leo de granola ou de Canola ao chocolate. Colocar o chocolate j\u00e1 derretido, a cascata vai apenas manter o derretimento.<\/p>\n","protected":false},"featured_media":3682,"template":"","meta":[],"_links":{"self":[{"href":"https:\/\/aluguefesta.net.br\/index.php\/wp-json\/wp\/v2\/product\/3681"}],"collection":[{"href":"https:\/\/aluguefesta.net.br\/index.php\/wp-json\/wp\/v2\/product"}],"about":[{"href":"https:\/\/aluguefesta.net.br\/index.php\/wp-json\/wp\/v2\/types\/product"}],"wp:featuredmedia":[{"embeddable":true,"href":"https:\/\/aluguefesta.net.br\/index.php\/wp-json\/wp\/v2\/media\/3682"}],"wp:attachment":[{"href":"https:\/\/aluguefesta.net.br\/index.php\/wp-json\/wp\/v2\/media?parent=3681"}],"curies":[{"name":"wp","href":"https:\/\/api.w.org\/{rel}","templated":true}]}}