{"id":3705,"date":"2025-11-09T03:37:13","date_gmt":"2025-11-09T06:37:13","guid":{"rendered":"https:\/\/aluguefesta.net.br\/?post_type=product&#038;p=3705"},"modified":"2025-12-18T02:14:09","modified_gmt":"2025-12-18T05:14:09","slug":"prato-bolo-milano-mini-prato-porta-doces-p","status":"publish","type":"product","link":"https:\/\/aluguefesta.net.br\/index.php\/produto\/prato-bolo-milano-mini-prato-porta-doces-p\/","title":{"rendered":"Prato bolo &#8211; milano &#8211; mini prato  Porta-Doces &#8211; P"},"content":{"rendered":"<p>Bel\u00edssima Pe\u00e7aa em Cristal.<\/p>\n<p>D 20,5<\/p>\n<p>Ideal para ser usada em decora\u00e7\u00e3o cl\u00e1ssica, como porta-doces.<\/p>\n<p>*quatro pe\u00e7as dispon\u00edveis na cole\u00e7\u00e3o<\/p>\n","protected":false},"excerpt":{"rendered":"<p>Bel\u00edssima Pe\u00e7aa em Cristal.<\/p>\n<p>D 20,5<\/p>\n<p>Ideal para ser usada em decora\u00e7\u00e3o cl\u00e1ssica, como porta-doces.<\/p>\n<p>*quatro pe\u00e7as dispon\u00edveis na cole\u00e7\u00e3o<\/p>\n","protected":false},"featured_media":3706,"template":"","meta":[],"_links":{"self":[{"href":"https:\/\/aluguefesta.net.br\/index.php\/wp-json\/wp\/v2\/product\/3705"}],"collection":[{"href":"https:\/\/aluguefesta.net.br\/index.php\/wp-json\/wp\/v2\/product"}],"about":[{"href":"https:\/\/aluguefesta.net.br\/index.php\/wp-json\/wp\/v2\/types\/product"}],"wp:featuredmedia":[{"embeddable":true,"href":"https:\/\/aluguefesta.net.br\/index.php\/wp-json\/wp\/v2\/media\/3706"}],"wp:attachment":[{"href":"https:\/\/aluguefesta.net.br\/index.php\/wp-json\/wp\/v2\/media?parent=3705"}],"curies":[{"name":"wp","href":"https:\/\/api.w.org\/{rel}","templated":true}]}}