{"id":371,"date":"2020-07-28T04:18:51","date_gmt":"2020-07-28T07:18:51","guid":{"rendered":"https:\/\/aluguefesta.net.br\/?post_type=product&#038;p=371"},"modified":"2024-12-18T00:53:28","modified_gmt":"2024-12-18T03:53:28","slug":"par-de-jarros-lilly-p","status":"publish","type":"product","link":"https:\/\/aluguefesta.net.br\/index.php\/produto\/par-de-jarros-lilly-p\/","title":{"rendered":"Par de Vaso Lilly &#8211; P"},"content":{"rendered":"<p>Par de jarros Lilly\u00a0 &#8211; P<\/p>\n<p>Valor Refere-se \u00e0 loca\u00e7\u00e3o do PAR (2 UNIDADES)<\/p>\n<p>Ideal para decora\u00e7\u00e3o, para colocar na mesa de bolo , para casamento , XV anos e decora\u00e7\u00f5es em geral.<\/p>\n<p>Tam 12 cm A x 8 cm L<\/p>\n","protected":false},"excerpt":{"rendered":"<p>Par de jarros Lilly- P<\/p>\n<p>Ideal para decora\u00e7\u00f5es em geral.<\/p>\n","protected":false},"featured_media":372,"template":"","meta":[],"_links":{"self":[{"href":"https:\/\/aluguefesta.net.br\/index.php\/wp-json\/wp\/v2\/product\/371"}],"collection":[{"href":"https:\/\/aluguefesta.net.br\/index.php\/wp-json\/wp\/v2\/product"}],"about":[{"href":"https:\/\/aluguefesta.net.br\/index.php\/wp-json\/wp\/v2\/types\/product"}],"wp:featuredmedia":[{"embeddable":true,"href":"https:\/\/aluguefesta.net.br\/index.php\/wp-json\/wp\/v2\/media\/372"}],"wp:attachment":[{"href":"https:\/\/aluguefesta.net.br\/index.php\/wp-json\/wp\/v2\/media?parent=371"}],"curies":[{"name":"wp","href":"https:\/\/api.w.org\/{rel}","templated":true}]}}