{"id":375,"date":"2020-07-28T04:25:16","date_gmt":"2020-07-28T07:25:16","guid":{"rendered":"https:\/\/aluguefesta.net.br\/?post_type=product&#038;p=375"},"modified":"2024-12-18T00:52:48","modified_gmt":"2024-12-18T03:52:48","slug":"par-de-jarros-taca-m","status":"publish","type":"product","link":"https:\/\/aluguefesta.net.br\/index.php\/produto\/par-de-jarros-taca-m\/","title":{"rendered":"Par de Vaso Ta\u00e7a &#8211; M"},"content":{"rendered":"<p>Par de jarros Ta\u00e7a\u00a0 &#8211; M<\/p>\n<p>Valor Refere-se \u00e0 loca\u00e7\u00e3o do PAR (2 UNIDADES)<\/p>\n<p>Ideal para decora\u00e7\u00e3o, para colocar na mesa de bolo , para casamento , XV anos e decora\u00e7\u00f5es em geral.<\/p>\n<p>Tam 22 cm x 12 cm<\/p>\n","protected":false},"excerpt":{"rendered":"<p>Par de jarros Ta\u00e7a &#8211; M<\/p>\n<p>Ideal para decora\u00e7\u00f5es em geral.<\/p>\n","protected":false},"featured_media":376,"template":"","meta":[],"_links":{"self":[{"href":"https:\/\/aluguefesta.net.br\/index.php\/wp-json\/wp\/v2\/product\/375"}],"collection":[{"href":"https:\/\/aluguefesta.net.br\/index.php\/wp-json\/wp\/v2\/product"}],"about":[{"href":"https:\/\/aluguefesta.net.br\/index.php\/wp-json\/wp\/v2\/types\/product"}],"wp:featuredmedia":[{"embeddable":true,"href":"https:\/\/aluguefesta.net.br\/index.php\/wp-json\/wp\/v2\/media\/376"}],"wp:attachment":[{"href":"https:\/\/aluguefesta.net.br\/index.php\/wp-json\/wp\/v2\/media?parent=375"}],"curies":[{"name":"wp","href":"https:\/\/api.w.org\/{rel}","templated":true}]}}