{"id":3788,"date":"2025-11-14T02:02:07","date_gmt":"2025-11-14T05:02:07","guid":{"rendered":"https:\/\/aluguefesta.net.br\/?post_type=product&#038;p=3788"},"modified":"2026-01-12T14:49:39","modified_gmt":"2026-01-12T17:49:39","slug":"conjunto-de-bandejas-tabuas-tronco-madeira-rustica-para-bolo-e-doces-ou-frios","status":"publish","type":"product","link":"https:\/\/aluguefesta.net.br\/index.php\/produto\/conjunto-de-bandejas-tabuas-tronco-madeira-rustica-para-bolo-e-doces-ou-frios\/","title":{"rendered":"Conjunto de 9 bandejas suporte t\u00e1buas Tronco Madeira R\u00fastica &#8211; Para bolo e doces ou Frios R\u00fasticos"},"content":{"rendered":"<p>1 Bolacha Tronco PARA BOLO REDONDO\u00a0 Natural com medida aprox. 42 cm cora\u00e7\u00e3o<\/p>\n<p>1 suporte ferro grande \u2013 22 cm de altura e 22 DE DIAMETRO da bolacha<\/p>\n<p>2 suportes ferro m\u00e9dios \u2013 16 cm de altura e 22 DE DIAMETRO da bolacha<\/p>\n<p>2 suportes ferro pequenos \u2013 4 cm de altura e 10\u00a0DE DIAMETRO da bolacha<\/p>\n<p>3 bolachas avulsas :20 DE DIAMETRO<\/p>\n<p>1 Suporte tronco GG modelo feij\u00e3o para doces, frios ou bolo\u00a0 retangular : 52 x 35 &#8211; 5cm de altura<\/p>\n<p>Vasinhos de planta n\u00e3o inclusos*<\/p>\n","protected":false},"excerpt":{"rendered":"<p>1 Bolacha Tronco PARA BOLO REDONDO\u00a0 Natural com medida aprox. 42 cm cora\u00e7\u00e3o<\/p>\n<p>1 suporte ferro grande \u2013 22 cm de altura e 22 DE DIAMETRO da bolacha<\/p>\n<p>2 suportes ferro m\u00e9dios \u2013 16 cm de altura e 22 DE DIAMETRO da bolacha<\/p>\n<p>2 suportes ferro pequenos \u2013 4 cm de altura e 10\u00a0DE DIAMETRO da bolacha<\/p>\n<p>3 bolachas avulsas :20 DE DIAMETRO<\/p>\n<p>1 Suporte tronco GG modelo feij\u00e3o para doces, frios ou bolo\u00a0 retangular : 52 x 35 &#8211; 5cm de altura<\/p>\n<p>Vasinhos de planta n\u00e3o inclusos*<\/p>\n<p>&nbsp;<\/p>\n","protected":false},"featured_media":3789,"template":"","meta":[],"_links":{"self":[{"href":"https:\/\/aluguefesta.net.br\/index.php\/wp-json\/wp\/v2\/product\/3788"}],"collection":[{"href":"https:\/\/aluguefesta.net.br\/index.php\/wp-json\/wp\/v2\/product"}],"about":[{"href":"https:\/\/aluguefesta.net.br\/index.php\/wp-json\/wp\/v2\/types\/product"}],"wp:featuredmedia":[{"embeddable":true,"href":"https:\/\/aluguefesta.net.br\/index.php\/wp-json\/wp\/v2\/media\/3789"}],"wp:attachment":[{"href":"https:\/\/aluguefesta.net.br\/index.php\/wp-json\/wp\/v2\/media?parent=3788"}],"curies":[{"name":"wp","href":"https:\/\/api.w.org\/{rel}","templated":true}]}}