{"id":3791,"date":"2025-11-14T02:16:55","date_gmt":"2025-11-14T05:16:55","guid":{"rendered":"https:\/\/aluguefesta.net.br\/?post_type=product&#038;p=3791"},"modified":"2026-01-08T00:39:03","modified_gmt":"2026-01-08T03:39:03","slug":"conjunto-de-8-bandejas-suporte-tabuas-tronco-madeira-rustica-para-bolo-e-doces-ou-frios-rusticos-copia","status":"publish","type":"product","link":"https:\/\/aluguefesta.net.br\/index.php\/produto\/conjunto-de-8-bandejas-suporte-tabuas-tronco-madeira-rustica-para-bolo-e-doces-ou-frios-rusticos-copia\/","title":{"rendered":"Conjunto de 8 bandejas suporte t\u00e1buas Tronco Madeira R\u00fastica &#8211; Para bolo e doces ou Frios R\u00fasticos"},"content":{"rendered":"<p>1 suporte ferro grande \u2013 22 cm de altura e 22 DE DIAMETRO da bolacha<\/p>\n<p>2 suportes ferro m\u00e9dios \u2013 16 cm de altura e 22 DE DIAMETRO da bolacha<\/p>\n<p>2 suportes ferro pequenos \u2013 4 cm de altura e 10\u00a0DE DIAMETRO da bolacha<\/p>\n<p>3 bolachas avulsas :20 DE DIAMETRO<\/p>\n<p>1 Suporte tronco GG modelo feij\u00e3o para doces, frios ou bolo\u00a0 retangular : 52 x 35 &#8211; 5cm de altura<\/p>\n<p>Vasinhos de planta n\u00e3o inclusos*<\/p>\n","protected":false},"excerpt":{"rendered":"<p>1 suporte ferro grande \u2013 22 cm de altura e 22 DE DIAMETRO da bolacha<\/p>\n<p>2 suportes ferro m\u00e9dios \u2013 16 cm de altura e 22 DE DIAMETRO da bolacha<\/p>\n<p>2 suportes ferro pequenos \u2013 4 cm de altura e 10\u00a0DE DIAMETRO da bolacha<\/p>\n<p>3 bolachas avulsas :20 DE DIAMETRO<\/p>\n<p>1 Suporte tronco GG modelo feij\u00e3o para doces, frios ou bolo\u00a0 retangular : 52 x 35 &#8211; 5cm de altura<\/p>\n<p>Vasinhos de planta n\u00e3o inclusos*<\/p>\n<p>&nbsp;<\/p>\n","protected":false},"featured_media":3792,"template":"","meta":[],"_links":{"self":[{"href":"https:\/\/aluguefesta.net.br\/index.php\/wp-json\/wp\/v2\/product\/3791"}],"collection":[{"href":"https:\/\/aluguefesta.net.br\/index.php\/wp-json\/wp\/v2\/product"}],"about":[{"href":"https:\/\/aluguefesta.net.br\/index.php\/wp-json\/wp\/v2\/types\/product"}],"wp:featuredmedia":[{"embeddable":true,"href":"https:\/\/aluguefesta.net.br\/index.php\/wp-json\/wp\/v2\/media\/3792"}],"wp:attachment":[{"href":"https:\/\/aluguefesta.net.br\/index.php\/wp-json\/wp\/v2\/media?parent=3791"}],"curies":[{"name":"wp","href":"https:\/\/api.w.org\/{rel}","templated":true}]}}