{"id":3795,"date":"2025-11-14T02:20:09","date_gmt":"2025-11-14T05:20:09","guid":{"rendered":"https:\/\/aluguefesta.net.br\/?post_type=product&#038;p=3795"},"modified":"2025-11-17T11:16:20","modified_gmt":"2025-11-17T14:16:20","slug":"conjunto-de-6-bandejas-suporte-tabuas-tronco-madeira-rustica-para-bolo-e-doces-ou-frios-rusticos","status":"publish","type":"product","link":"https:\/\/aluguefesta.net.br\/index.php\/produto\/conjunto-de-6-bandejas-suporte-tabuas-tronco-madeira-rustica-para-bolo-e-doces-ou-frios-rusticos\/","title":{"rendered":"Conjunto de 6 bandejas suporte t\u00e1buas Tronco Madeira R\u00fastica &#8211; Para bolo e doces ou Frios R\u00fasticos"},"content":{"rendered":"<p>1 suporte ferro grande \u2013 22 cm de altura e 22 DE DIAMETRO da bolacha<\/p>\n<p>2 suportes ferro m\u00e9dios \u2013 16 cm de altura e 22 DE DIAMETRO da bolacha<\/p>\n<p>2 suportes ferro pequenos \u2013 4 cm de altura e 10\u00a0DE DIAMETRO da bolacha<\/p>\n<p>1 bolachas avulsa :20 DE DIAMETRO<\/p>\n<p>Vasinhos de planta n\u00e3o inclusos*<\/p>\n","protected":false},"excerpt":{"rendered":"<p>1 suporte ferro grande \u2013 22 cm de altura e 22 DE DIAMETRO da bolacha<\/p>\n<p>2 suportes ferro m\u00e9dios \u2013 16 cm de altura e 22 DE DIAMETRO da bolacha<\/p>\n<p>2 suportes ferro pequenos \u2013 4 cm de altura e 10\u00a0DE DIAMETRO da bolacha<\/p>\n<p>1 bolachas avulsa :20 DE DIAMETRO<\/p>\n<p>Vasinhos de planta n\u00e3o inclusos*<\/p>\n<p>&nbsp;<\/p>\n","protected":false},"featured_media":3794,"template":"","meta":[],"_links":{"self":[{"href":"https:\/\/aluguefesta.net.br\/index.php\/wp-json\/wp\/v2\/product\/3795"}],"collection":[{"href":"https:\/\/aluguefesta.net.br\/index.php\/wp-json\/wp\/v2\/product"}],"about":[{"href":"https:\/\/aluguefesta.net.br\/index.php\/wp-json\/wp\/v2\/types\/product"}],"wp:featuredmedia":[{"embeddable":true,"href":"https:\/\/aluguefesta.net.br\/index.php\/wp-json\/wp\/v2\/media\/3794"}],"wp:attachment":[{"href":"https:\/\/aluguefesta.net.br\/index.php\/wp-json\/wp\/v2\/media?parent=3795"}],"curies":[{"name":"wp","href":"https:\/\/api.w.org\/{rel}","templated":true}]}}