{"id":3818,"date":"2025-11-17T12:50:58","date_gmt":"2025-11-17T15:50:58","guid":{"rendered":"https:\/\/aluguefesta.net.br\/?post_type=product&#038;p=3818"},"modified":"2025-11-17T12:57:06","modified_gmt":"2025-11-17T15:57:06","slug":"servico-1-h-de-atuacao-adicional-garcon-fritadeira-ou-copeiro","status":"publish","type":"product","link":"https:\/\/aluguefesta.net.br\/index.php\/produto\/servico-1-h-de-atuacao-adicional-garcon-fritadeira-ou-copeiro\/","title":{"rendered":"Servi\u00e7o -1 h de atua\u00e7\u00e3o ADICIONAL &#8211; Gar\u00e7on Fritadeira ou Copeiro"},"content":{"rendered":"<p>HORA ADICIONAL NO PACOTE CONTRATADO DE 4H DE ATUA\u00c7\u00c3O<\/p>\n","protected":false},"excerpt":{"rendered":"<p>HORA ADICIONAL NO PACOTE CONTRATADO DE 4H DE ATUA\u00c7\u00c3O<\/p>\n","protected":false},"featured_media":3819,"template":"","meta":[],"_links":{"self":[{"href":"https:\/\/aluguefesta.net.br\/index.php\/wp-json\/wp\/v2\/product\/3818"}],"collection":[{"href":"https:\/\/aluguefesta.net.br\/index.php\/wp-json\/wp\/v2\/product"}],"about":[{"href":"https:\/\/aluguefesta.net.br\/index.php\/wp-json\/wp\/v2\/types\/product"}],"wp:featuredmedia":[{"embeddable":true,"href":"https:\/\/aluguefesta.net.br\/index.php\/wp-json\/wp\/v2\/media\/3819"}],"wp:attachment":[{"href":"https:\/\/aluguefesta.net.br\/index.php\/wp-json\/wp\/v2\/media?parent=3818"}],"curies":[{"name":"wp","href":"https:\/\/api.w.org\/{rel}","templated":true}]}}