{"id":3834,"date":"2025-11-18T00:31:39","date_gmt":"2025-11-18T03:31:39","guid":{"rendered":"https:\/\/aluguefesta.net.br\/?post_type=product&#038;p=3834"},"modified":"2026-01-12T14:41:45","modified_gmt":"2026-01-12T17:41:45","slug":"saladeira-fruteira-bowl-18l","status":"publish","type":"product","link":"https:\/\/aluguefesta.net.br\/index.php\/produto\/saladeira-fruteira-bowl-18l\/","title":{"rendered":"Saladeira &#8211; Fruteira Bowl 1,8l"},"content":{"rendered":"<p><em><strong>Para expor frutas, saladas ou sobremesas<\/strong><\/em><\/p>\n<p><strong>SALADAS OU SOBREMESAS :<\/strong><\/p>\n<p>Saladeira Fruteira Glass capacidade 1,8\u00a0 litros:<\/p>\n<p>Bel\u00edssima Pe\u00e7a Centro de mesa &#8211; saladeira Fruteira em Vidro Cristal<\/p>\n<p>Ideal para ser usado em decora\u00e7\u00e3o de mesa de servir &#8211; saladas, refei\u00e7\u00f5es etc ou como porta-doces.<\/p>\n<p>CAPACIDADE :1,8 LITROS<\/p>\n<p>TAM 24 X 14CM<\/p>\n<p>&nbsp;<\/p>\n","protected":false},"excerpt":{"rendered":"<p><em><strong>Para expor frutas, saladas ou sobremesas<\/strong><\/em><\/p>\n<p><strong>SALADAS OU SOBREMESAS :<\/strong><\/p>\n<p>Saladeira Fruteira Glass capacidade 1,8\u00a0 litros:<\/p>\n<p>Bel\u00edssima Pe\u00e7a Centro de mesa &#8211; saladeira Fruteira em Vidro Cristal<\/p>\n<p>Ideal para ser usado em decora\u00e7\u00e3o de mesa de servir &#8211; saladas, refei\u00e7\u00f5es etc ou como porta-doces.<\/p>\n<p>CAPACIDADE :1,8 LITROS<\/p>\n<p>TAM 24 X 14CM<\/p>\n","protected":false},"featured_media":3835,"template":"","meta":[],"_links":{"self":[{"href":"https:\/\/aluguefesta.net.br\/index.php\/wp-json\/wp\/v2\/product\/3834"}],"collection":[{"href":"https:\/\/aluguefesta.net.br\/index.php\/wp-json\/wp\/v2\/product"}],"about":[{"href":"https:\/\/aluguefesta.net.br\/index.php\/wp-json\/wp\/v2\/types\/product"}],"wp:featuredmedia":[{"embeddable":true,"href":"https:\/\/aluguefesta.net.br\/index.php\/wp-json\/wp\/v2\/media\/3835"}],"wp:attachment":[{"href":"https:\/\/aluguefesta.net.br\/index.php\/wp-json\/wp\/v2\/media?parent=3834"}],"curies":[{"name":"wp","href":"https:\/\/api.w.org\/{rel}","templated":true}]}}