{"id":3851,"date":"2025-11-19T03:25:35","date_gmt":"2025-11-19T06:25:35","guid":{"rendered":"https:\/\/aluguefesta.net.br\/?post_type=product&#038;p=3851"},"modified":"2025-12-15T13:02:28","modified_gmt":"2025-12-15T16:02:28","slug":"kit-tropicalia-7-pecas-sousplat-prato-garfo-faca-taca-guardanapo-e-porta-guardanapo","status":"publish","type":"product","link":"https:\/\/aluguefesta.net.br\/index.php\/produto\/kit-tropicalia-7-pecas-sousplat-prato-garfo-faca-taca-guardanapo-e-porta-guardanapo\/","title":{"rendered":"KIT Tropic\u00e1lia 7 pe\u00e7as : SOUSPLAT + Prato + Garfo + Faca + TA\u00c7A + Guardanapo e Porta Guardanapo"},"content":{"rendered":"<p>KIT Tropic\u00e1lia 7 pe\u00e7as : SOUSPLAT + Prato + Garfo + Faca + TA\u00c7A + Guardanapo e Porta Guardanapo<\/p>\n<p>7 PE\u00c7AS :<\/p>\n<p>Ta\u00e7a Candy<\/p>\n<p>Sousplat Costela de Ad\u00e3o<\/p>\n<p>Porta Guardanapo em Palha<\/p>\n<p>Guardanapo oxford<\/p>\n<p>Prato Opalino<\/p>\n<p>Faca e Garfo Premium Inox<\/p>\n<p>&nbsp;<\/p>\n","protected":false},"excerpt":{"rendered":"<p>KIT Tropic\u00e1lia 7 pe\u00e7as : SOUSPLAT + Prato + Garfo + Faca + TA\u00c7A + Guardanapo e Porta Guardanapo<\/p>\n<p>7 PE\u00c7AS :<\/p>\n<p>Ta\u00e7a Candy<\/p>\n<p>Sousplat Costela de Ad\u00e3o em vidro revestido com textura Resistente \u00e0 \u00e1gua.<\/p>\n<p>Porta Guardanapo em Palha<\/p>\n<p>Guardanapo oxford<\/p>\n<p>Prato Opalino<\/p>\n<p>Faca e Garfo Premium Inox<\/p>\n<p>&nbsp;<\/p>\n","protected":false},"featured_media":3854,"template":"","meta":[],"_links":{"self":[{"href":"https:\/\/aluguefesta.net.br\/index.php\/wp-json\/wp\/v2\/product\/3851"}],"collection":[{"href":"https:\/\/aluguefesta.net.br\/index.php\/wp-json\/wp\/v2\/product"}],"about":[{"href":"https:\/\/aluguefesta.net.br\/index.php\/wp-json\/wp\/v2\/types\/product"}],"wp:featuredmedia":[{"embeddable":true,"href":"https:\/\/aluguefesta.net.br\/index.php\/wp-json\/wp\/v2\/media\/3854"}],"wp:attachment":[{"href":"https:\/\/aluguefesta.net.br\/index.php\/wp-json\/wp\/v2\/media?parent=3851"}],"curies":[{"name":"wp","href":"https:\/\/api.w.org\/{rel}","templated":true}]}}