{"id":3855,"date":"2025-11-19T03:39:09","date_gmt":"2025-11-19T06:39:09","guid":{"rendered":"https:\/\/aluguefesta.net.br\/?post_type=product&#038;p=3855"},"modified":"2025-12-09T15:21:43","modified_gmt":"2025-12-09T18:21:43","slug":"kit-tropicalia-luxo-10-pecas-sousplat-prato-garfo-faca-taca-de-vinho-taca-champanhe-guardanapo-e-porta-guardanapo","status":"publish","type":"product","link":"https:\/\/aluguefesta.net.br\/index.php\/produto\/kit-tropicalia-luxo-10-pecas-sousplat-prato-garfo-faca-taca-de-vinho-taca-champanhe-guardanapo-e-porta-guardanapo\/","title":{"rendered":"KIT Tropic\u00e1lia Luxo 10 pe\u00e7as : SOUSPLAT + Prato + Garfo + Faca + Ta\u00e7a de Vinho + Ta\u00e7a Champanhe + Guardanapo e Porta Guardanapo"},"content":{"rendered":"<p>KIT Tropic\u00e1lia Luxo 10 pe\u00e7as : SOUSPLAT + Prato + Garfo + Faca + 2 Ta\u00e7as + Guardanapo e Porta Guardanapo<\/p>\n<p>10 PE\u00c7AS :<\/p>\n<p>2 Ta\u00e7as<\/p>\n<p>Sousplat Costela de Ad\u00e3o<\/p>\n<p>Porta Guardanapo Dourado<\/p>\n<p>Guardanapo oxford<\/p>\n<p>Prato Opalino<\/p>\n<p>Prato sobresa Cristal<\/p>\n<p>Faca, Garfo e Garfo de sobremesa Premium DOURADOS Inox<\/p>\n<p>&nbsp;<\/p>\n","protected":false},"excerpt":{"rendered":"<p>KIT Tropic\u00e1lia 8 pe\u00e7as : SOUSPLAT + Prato + Garfo + Faca + 2 Ta\u00e7as + Guardanapo e Porta Guardanapo<\/p>\n<p>8 PE\u00c7AS :<\/p>\n<p>2 Ta\u00e7as<\/p>\n<p>KIT Tropic\u00e1lia Luxo 10 pe\u00e7as : SOUSPLAT + Prato + Garfo + Faca + 2 Ta\u00e7as + Guardanapo e Porta Guardanapo<\/p>\n<p>10 PE\u00c7AS :<\/p>\n<p>2 Ta\u00e7as<\/p>\n<p>Sousplat Costela de Ad\u00e3o<\/p>\n<p>Porta Guardanapo Dourado<\/p>\n<p>Guardanapo oxford<\/p>\n<p>Prato Opalino<\/p>\n<p>Prato sobresa Cristal<\/p>\n<p>Faca, Garfo e Garfo de sobremesa Premium DOURADOS Inox<\/p>\n<p>&nbsp;<\/p>\n","protected":false},"featured_media":3857,"template":"","meta":[],"_links":{"self":[{"href":"https:\/\/aluguefesta.net.br\/index.php\/wp-json\/wp\/v2\/product\/3855"}],"collection":[{"href":"https:\/\/aluguefesta.net.br\/index.php\/wp-json\/wp\/v2\/product"}],"about":[{"href":"https:\/\/aluguefesta.net.br\/index.php\/wp-json\/wp\/v2\/types\/product"}],"wp:featuredmedia":[{"embeddable":true,"href":"https:\/\/aluguefesta.net.br\/index.php\/wp-json\/wp\/v2\/media\/3857"}],"wp:attachment":[{"href":"https:\/\/aluguefesta.net.br\/index.php\/wp-json\/wp\/v2\/media?parent=3855"}],"curies":[{"name":"wp","href":"https:\/\/api.w.org\/{rel}","templated":true}]}}