{"id":3872,"date":"2025-11-19T04:22:37","date_gmt":"2025-11-19T07:22:37","guid":{"rendered":"https:\/\/aluguefesta.net.br\/?post_type=product&#038;p=3872"},"modified":"2025-12-09T15:21:28","modified_gmt":"2025-12-09T18:21:28","slug":"kit-natal-mesa-posta-luxo-10-pecas-sousplat-prato-garfo-faca-taca-de-vinho-taca-champanhe-guardanapo-e-porta-guardanapo","status":"publish","type":"product","link":"https:\/\/aluguefesta.net.br\/index.php\/produto\/kit-natal-mesa-posta-luxo-10-pecas-sousplat-prato-garfo-faca-taca-de-vinho-taca-champanhe-guardanapo-e-porta-guardanapo\/","title":{"rendered":"KIT Natal Mesa Posta Luxo 10 pe\u00e7as : SOUSPLAT + Prato + Garfo + Faca + Ta\u00e7a de Vinho + Ta\u00e7a Champanhe + Guardanapo e Porta Guardanapo"},"content":{"rendered":"<p>KIT Natal Mesa Posta Luxo 10 pe\u00e7as : SOUSPLAT + Prato + Garfo + Faca + Ta\u00e7a de Vinho + Ta\u00e7a Champanhe + Guardanapo e Porta Guardanapo<\/p>\n<p>10 PE\u00c7AS :<\/p>\n<p>2 Ta\u00e7as<\/p>\n<p>Sousplat Verde<\/p>\n<p>Porta Guardanapo Dourado<\/p>\n<p>Guardanapo oxford<\/p>\n<p>Prato Cristal<\/p>\n<p>Prato Sobremesa Melamina Luxo Lyor<\/p>\n<p>Faca, Garfo e Garfo de sobremesa Premium DOURADOS Inox<\/p>\n<p>&nbsp;<\/p>\n","protected":false},"excerpt":{"rendered":"<p>KIT Natal Mesa Posta Luxo 10 pe\u00e7as : SOUSPLAT + Prato + Garfo + Faca + Ta\u00e7a de Vinho + Ta\u00e7a Champanhe + Guardanapo e Porta Guardanapo<\/p>\n<p>10 PE\u00c7AS :<\/p>\n<p>2 Ta\u00e7as<\/p>\n<p>Sousplat Verde<\/p>\n<p>Porta Guardanapo Dourado<\/p>\n<p>Guardanapo oxford<\/p>\n<p>Prato Cristal<\/p>\n<p>Prato Sobremesa Melamina Luxo Lyor<\/p>\n<p>Faca, Garfo e Garfo de sobremesa Premium DOURADOS Inox<\/p>\n<p>&nbsp;<\/p>\n","protected":false},"featured_media":3875,"template":"","meta":[],"_links":{"self":[{"href":"https:\/\/aluguefesta.net.br\/index.php\/wp-json\/wp\/v2\/product\/3872"}],"collection":[{"href":"https:\/\/aluguefesta.net.br\/index.php\/wp-json\/wp\/v2\/product"}],"about":[{"href":"https:\/\/aluguefesta.net.br\/index.php\/wp-json\/wp\/v2\/types\/product"}],"wp:featuredmedia":[{"embeddable":true,"href":"https:\/\/aluguefesta.net.br\/index.php\/wp-json\/wp\/v2\/media\/3875"}],"wp:attachment":[{"href":"https:\/\/aluguefesta.net.br\/index.php\/wp-json\/wp\/v2\/media?parent=3872"}],"curies":[{"name":"wp","href":"https:\/\/api.w.org\/{rel}","templated":true}]}}