{"id":3879,"date":"2025-11-19T04:33:27","date_gmt":"2025-11-19T07:33:27","guid":{"rendered":"https:\/\/aluguefesta.net.br\/?post_type=product&#038;p=3879"},"modified":"2025-12-15T13:02:59","modified_gmt":"2025-12-15T16:02:59","slug":"kit-natal-silver-mesa-posta-7-pecas-sousplat-prato-garfo-faca-taca-stylo-guardanapo-e-porta-guardanapo-copia","status":"publish","type":"product","link":"https:\/\/aluguefesta.net.br\/index.php\/produto\/kit-natal-silver-mesa-posta-7-pecas-sousplat-prato-garfo-faca-taca-stylo-guardanapo-e-porta-guardanapo-copia\/","title":{"rendered":"KIT Natal Silver Mesa Posta 7 pe\u00e7as : SOUSPLAT + Prato + Garfo + Faca + Ta\u00e7a Stylo + Guardanapo e Porta Guardanapo"},"content":{"rendered":"<p>KIT Natal Stylo Mesa Posta 7 pe\u00e7as : SOUSPLAT + Prato + Garfo + Faca + Ta\u00e7a Stylo + Guardanapo e Porta Guardanapo<\/p>\n<p>7 PE\u00c7AS :<\/p>\n<p>Ta\u00e7a Stylo<\/p>\n<p>Sousplat Verde<\/p>\n<p>Porta Guardanapo Dourado<\/p>\n<p>Guardanapo oxford<\/p>\n<p>Prato Porcelana Silver Folhagens<\/p>\n<p>Faca, Garfo\u00a0 Premium Inox<\/p>\n<p>&nbsp;<\/p>\n","protected":false},"excerpt":{"rendered":"<p>KIT Natal Stylo Mesa Posta 7 pe\u00e7as : SOUSPLAT + Prato + Garfo + Faca + Ta\u00e7a Stylo + Guardanapo e Porta Guardanapo<\/p>\n<p>7 PE\u00c7AS :<\/p>\n<p>Ta\u00e7a Stylo<\/p>\n<p>Sousplat Verde<\/p>\n<p>Porta Guardanapo Dourado<\/p>\n<p>Guardanapo oxford<\/p>\n<p>Prato Porcelana Silver Folhagens<\/p>\n<p>Faca, Garfo\u00a0 Premium Inox<\/p>\n","protected":false},"featured_media":3880,"template":"","meta":[],"_links":{"self":[{"href":"https:\/\/aluguefesta.net.br\/index.php\/wp-json\/wp\/v2\/product\/3879"}],"collection":[{"href":"https:\/\/aluguefesta.net.br\/index.php\/wp-json\/wp\/v2\/product"}],"about":[{"href":"https:\/\/aluguefesta.net.br\/index.php\/wp-json\/wp\/v2\/types\/product"}],"wp:featuredmedia":[{"embeddable":true,"href":"https:\/\/aluguefesta.net.br\/index.php\/wp-json\/wp\/v2\/media\/3880"}],"wp:attachment":[{"href":"https:\/\/aluguefesta.net.br\/index.php\/wp-json\/wp\/v2\/media?parent=3879"}],"curies":[{"name":"wp","href":"https:\/\/api.w.org\/{rel}","templated":true}]}}