{"id":3882,"date":"2025-11-19T04:37:26","date_gmt":"2025-11-19T07:37:26","guid":{"rendered":"https:\/\/aluguefesta.net.br\/?post_type=product&#038;p=3882"},"modified":"2025-12-15T09:58:19","modified_gmt":"2025-12-15T12:58:19","slug":"kit-ano-novo-mesa-posta-luxo-10-pecas-sousplat-prato-garfo-faca-taca-de-vinho-taca-champanhe-guardanapo-e-porta-guardanapo-copia","status":"publish","type":"product","link":"https:\/\/aluguefesta.net.br\/index.php\/produto\/kit-ano-novo-mesa-posta-luxo-10-pecas-sousplat-prato-garfo-faca-taca-de-vinho-taca-champanhe-guardanapo-e-porta-guardanapo-copia\/","title":{"rendered":"KIT Ano Novo Mesa Posta Luxo 10 pe\u00e7as : SOUSPLAT + Par de Talheres de Jantar + Par de Pratos Mesa e Sobremesa + Garfo Sobremesa + Par de Ta\u00e7as + Guardanapo e Porta Guardanapo"},"content":{"rendered":"<p>KIT Ano Novo Mesa Posta Luxo 10 pe\u00e7as : SOUSPLAT + Par de Talheres de Jantar + Par de Pratos Mesa e Sobremesa + Garfo Sobremesa + Par de Ta\u00e7as + Guardanapo e Porta Guardanapo<\/p>\n<p>10 PE\u00c7AS :<\/p>\n<p>2 Ta\u00e7as<\/p>\n<p>Sousplat Marmorizado (Vidro revestido com pelicula resistente \u00e0 \u00e1gua)<\/p>\n<p>Porta Guardanapo Dourado<\/p>\n<p>Guardanapo oxford<\/p>\n<p>Prato Sobremesa Cristal<\/p>\n<p>Prato Raso Opalino<\/p>\n<p>Faca, Garfo e Garfo de sobremesa Premium DOURADOS Inox<\/p>\n<p>&nbsp;<\/p>\n","protected":false},"excerpt":{"rendered":"<p>KIT Ano Novo Mesa Posta Luxo 10 pe\u00e7as : SOUSPLAT + Par de Talheres de Jantar + Par de Pratos Mesa e Sobremesa + Garfo Sobremesa + Par de Ta\u00e7as + Guardanapo e Porta Guardanapo<\/p>\n<p>10 PE\u00c7AS :<\/p>\n<p>2 Ta\u00e7as<\/p>\n<p>Sousplat Marmorizado (Vidro revestido com pelicula resistente \u00e0 \u00e1gua)<\/p>\n<p>Porta Guardanapo Dourado<\/p>\n<p>Guardanapo oxford<\/p>\n<p>Prato Sobremesa Cristal<\/p>\n<p>Prato Raso Opalino<\/p>\n<p>Faca, Garfo e Garfo de sobremesa Premium DOURADOS Inox<\/p>\n","protected":false},"featured_media":3868,"template":"","meta":[],"_links":{"self":[{"href":"https:\/\/aluguefesta.net.br\/index.php\/wp-json\/wp\/v2\/product\/3882"}],"collection":[{"href":"https:\/\/aluguefesta.net.br\/index.php\/wp-json\/wp\/v2\/product"}],"about":[{"href":"https:\/\/aluguefesta.net.br\/index.php\/wp-json\/wp\/v2\/types\/product"}],"wp:featuredmedia":[{"embeddable":true,"href":"https:\/\/aluguefesta.net.br\/index.php\/wp-json\/wp\/v2\/media\/3868"}],"wp:attachment":[{"href":"https:\/\/aluguefesta.net.br\/index.php\/wp-json\/wp\/v2\/media?parent=3882"}],"curies":[{"name":"wp","href":"https:\/\/api.w.org\/{rel}","templated":true}]}}