{"id":3903,"date":"2025-11-19T17:57:59","date_gmt":"2025-11-19T20:57:59","guid":{"rendered":"https:\/\/aluguefesta.net.br\/?post_type=product&#038;p=3903"},"modified":"2026-03-18T17:57:04","modified_gmt":"2026-03-18T20:57:04","slug":"kit-tropical-color-7-pecas-jogo-americano-prato-garfo-faca-taca-guardanapo-e-porta-guardanapo-copia","status":"publish","type":"product","link":"https:\/\/aluguefesta.net.br\/index.php\/produto\/kit-tropical-color-7-pecas-jogo-americano-prato-garfo-faca-taca-guardanapo-e-porta-guardanapo-copia\/","title":{"rendered":"KIT Tropical Birds 7 pe\u00e7as : Jogo Americano + Prato + Garfo + Faca + Ta\u00e7a + Guardanapo e Porta Guardanapo (c\u00f3pia)"},"content":{"rendered":"<p>KIT Tropic\u00e1lia 7 pe\u00e7as : jogo americano+ Prato + Garfo + Faca + TA\u00c7A + Guardanapo e Porta Guardanapo<\/p>\n<p>7 PE\u00c7AS :<\/p>\n<p>Ta\u00e7a Candy<\/p>\n<p>Jogo Americano em PS imperme\u00e1vel<\/p>\n<p>Porta Guardanapo em Palha<\/p>\n<p>Guardanapo oxford<\/p>\n<p>Prato Opalino<\/p>\n<p>Faca e Garfo Premium Inox<\/p>\n<p>&nbsp;<\/p>\n","protected":false},"excerpt":{"rendered":"<p>7 pe\u00e7as : Jogo americano+ Prato + Garfo + Faca + TA\u00c7A + Guardanapo e Porta Guardanapo<\/p>\n<p>7 PE\u00c7AS :<\/p>\n<p>Ta\u00e7a Candy<\/p>\n<p>Jogo Americano em PS imperme\u00e1vel<\/p>\n<p>Porta Guardanapo em Palha<\/p>\n<p>Guardanapo oxford<\/p>\n<p>Prato Opalino<\/p>\n<p>Faca e Garfo Premium Inox<\/p>\n<p>&nbsp;<\/p>\n<p>&nbsp;<\/p>\n","protected":false},"featured_media":3904,"template":"","meta":[],"_links":{"self":[{"href":"https:\/\/aluguefesta.net.br\/index.php\/wp-json\/wp\/v2\/product\/3903"}],"collection":[{"href":"https:\/\/aluguefesta.net.br\/index.php\/wp-json\/wp\/v2\/product"}],"about":[{"href":"https:\/\/aluguefesta.net.br\/index.php\/wp-json\/wp\/v2\/types\/product"}],"wp:featuredmedia":[{"embeddable":true,"href":"https:\/\/aluguefesta.net.br\/index.php\/wp-json\/wp\/v2\/media\/3904"}],"wp:attachment":[{"href":"https:\/\/aluguefesta.net.br\/index.php\/wp-json\/wp\/v2\/media?parent=3903"}],"curies":[{"name":"wp","href":"https:\/\/api.w.org\/{rel}","templated":true}]}}