{"id":3928,"date":"2025-11-21T00:14:29","date_gmt":"2025-11-21T03:14:29","guid":{"rendered":"https:\/\/aluguefesta.net.br\/?post_type=product&#038;p=3928"},"modified":"2026-01-19T15:21:14","modified_gmt":"2026-01-19T18:21:14","slug":"par-de-vaso-rome-m","status":"publish","type":"product","link":"https:\/\/aluguefesta.net.br\/index.php\/produto\/par-de-vaso-rome-m\/","title":{"rendered":"Par de Vaso Rome-M"},"content":{"rendered":"<p>Par de jarros<\/p>\n<p>Valor Refere-se \u00e0 loca\u00e7\u00e3o do PAR (2 UNIDADES)<\/p>\n<p>Ideal para decora\u00e7\u00e3o, para colocar na mesa de bolo , para casamento , XV anos e decora\u00e7\u00f5es em geral.<\/p>\n<p>Tam 20 cm A x 9 cm L<\/p>\n","protected":false},"excerpt":{"rendered":"<p>Par de jarros<\/p>\n<p>Valor Refere-se \u00e0 loca\u00e7\u00e3o do PAR (2 UNIDADES)<\/p>\n<p>Ideal para decora\u00e7\u00e3o, para colocar na mesa de bolo , para casamento , XV anos e decora\u00e7\u00f5es em geral.<\/p>\n<p>Tam 20 cm A x 9 cm L<\/p>\n","protected":false},"featured_media":3929,"template":"","meta":[],"_links":{"self":[{"href":"https:\/\/aluguefesta.net.br\/index.php\/wp-json\/wp\/v2\/product\/3928"}],"collection":[{"href":"https:\/\/aluguefesta.net.br\/index.php\/wp-json\/wp\/v2\/product"}],"about":[{"href":"https:\/\/aluguefesta.net.br\/index.php\/wp-json\/wp\/v2\/types\/product"}],"wp:featuredmedia":[{"embeddable":true,"href":"https:\/\/aluguefesta.net.br\/index.php\/wp-json\/wp\/v2\/media\/3929"}],"wp:attachment":[{"href":"https:\/\/aluguefesta.net.br\/index.php\/wp-json\/wp\/v2\/media?parent=3928"}],"curies":[{"name":"wp","href":"https:\/\/api.w.org\/{rel}","templated":true}]}}