{"id":3960,"date":"2025-11-28T00:09:50","date_gmt":"2025-11-28T03:09:50","guid":{"rendered":"https:\/\/aluguefesta.net.br\/?post_type=product&#038;p=3960"},"modified":"2026-01-12T14:39:36","modified_gmt":"2026-01-12T17:39:36","slug":"prato-de-bolo-2-andares-porta-doces-em-cristal-classic-25-cm","status":"publish","type":"product","link":"https:\/\/aluguefesta.net.br\/index.php\/produto\/prato-de-bolo-2-andares-porta-doces-em-cristal-classic-25-cm\/","title":{"rendered":"Prato de bolo 2 andares , Porta Doces em Cristal Classic Eg\u00edpcio- 25 cm"},"content":{"rendered":"<ul class=\"KsbFXc U6u95\" data-complete=\"true\" data-processed=\"true\">\n<li data-hveid=\"CAUQAA\" data-complete=\"true\" data-sae=\"\"><span class=\"T286Pc\" data-sfc-cp=\"\" data-complete=\"true\"><strong class=\"Yjhzub\" data-complete=\"true\">Altura Total<\/strong>: Cerca de\u00a0<strong class=\"Yjhzub\" data-complete=\"true\">23,00 cm<\/strong>.<\/span><\/li>\n<li data-hveid=\"CAUQAQ\" data-complete=\"true\" data-sae=\"\"><span class=\"T286Pc\" data-sfc-cp=\"\" data-complete=\"true\"><strong class=\"Yjhzub\" data-complete=\"true\">Di\u00e2metro (Prato Inferior)<\/strong>:\u00a0<strong class=\"Yjhzub\" data-complete=\"true\">25 cm<\/strong>.<\/span><\/li>\n<li data-hveid=\"CAUQAg\" data-complete=\"true\" data-sae=\"\"><span class=\"T286Pc\" data-sfc-cp=\"\" data-complete=\"true\"><strong class=\"Yjhzub\" data-complete=\"true\">Largura\/Comprimento Total<\/strong>:\u00a0<strong class=\"Yjhzub\" data-complete=\"true\">25,00 cm<\/strong>\u00a0(medida de uma extremidade \u00e0 outra, refletindo o di\u00e2metro).<\/span><\/li>\n<li data-hveid=\"CAUQAw\" data-complete=\"true\" data-sae=\"\"><span class=\"T286Pc\" data-sfc-cp=\"\" data-complete=\"true\"><strong class=\"Yjhzub\" data-complete=\"true\">Di\u00e2metro (Prato Superior)<\/strong>: Aproximadamente\u00a0<strong class=\"Yjhzub\" data-complete=\"true\">18 cm.<\/strong><\/span><\/li>\n<li data-hveid=\"CAUQBA\" data-complete=\"true\" data-sae=\"\"><span class=\"T286Pc\" data-sfc-cp=\"\" data-complete=\"true\"><strong class=\"Yjhzub\" data-complete=\"true\">Material<\/strong>: Vidro Cristal<\/span><\/li>\n<\/ul>\n<p>Essas dimens\u00f5es o tornam um item elegante e funcional, ideal para apresentar doces, salgados ou frutas em ocasi\u00f5es especiais, como festas ou caf\u00e9s da tarde.<span class=\"uJ19be notranslate\" data-wiz-uids=\"c9Y6A_1x,c9Y6A_1y,c9Y6A_1z\" data-complete=\"true\" data-processed=\"true\"><span class=\"vKEkVd\" data-animation-atomic=\"\" data-sae=\"\">\u00a0<\/span><\/span><\/p>\n<p>&nbsp;<\/p>\n","protected":false},"excerpt":{"rendered":"<ul class=\"KsbFXc U6u95\" data-complete=\"true\" data-processed=\"true\">\n<li data-hveid=\"CAUQAA\" data-complete=\"true\" data-sae=\"\"><span class=\"T286Pc\" data-sfc-cp=\"\" data-complete=\"true\"><strong class=\"Yjhzub\" data-complete=\"true\">Altura Total<\/strong>: Cerca de\u00a0<strong class=\"Yjhzub\" data-complete=\"true\">23,00 cm<\/strong>.<\/span><\/li>\n<li data-hveid=\"CAUQAQ\" data-complete=\"true\" data-sae=\"\"><span class=\"T286Pc\" data-sfc-cp=\"\" data-complete=\"true\"><strong class=\"Yjhzub\" data-complete=\"true\">Di\u00e2metro (Prato Inferior)<\/strong>:\u00a0<strong class=\"Yjhzub\" data-complete=\"true\">25 cm<\/strong>.<\/span><\/li>\n<li data-hveid=\"CAUQAg\" data-complete=\"true\" data-sae=\"\"><span class=\"T286Pc\" data-sfc-cp=\"\" data-complete=\"true\"><strong class=\"Yjhzub\" data-complete=\"true\">Largura\/Comprimento Total<\/strong>:\u00a0<strong class=\"Yjhzub\" data-complete=\"true\">25,00 cm<\/strong>\u00a0(medida de uma extremidade \u00e0 outra, refletindo o di\u00e2metro).<\/span><\/li>\n<li data-hveid=\"CAUQAw\" data-complete=\"true\" data-sae=\"\"><span class=\"T286Pc\" data-sfc-cp=\"\" data-complete=\"true\"><strong class=\"Yjhzub\" data-complete=\"true\">Di\u00e2metro (Prato Superior)<\/strong>: Aproximadamente\u00a0<strong class=\"Yjhzub\" data-complete=\"true\">18 cm.<\/strong><\/span><\/li>\n<li data-hveid=\"CAUQBA\" data-complete=\"true\" data-sae=\"\"><span class=\"T286Pc\" data-sfc-cp=\"\" data-complete=\"true\"><strong class=\"Yjhzub\" data-complete=\"true\">Material<\/strong>: Vidro Cristal<\/span><\/li>\n<\/ul>\n<p>Essas dimens\u00f5es o tornam um item elegante e funcional, ideal para apresentar doces, salgados ou frutas em ocasi\u00f5es especiais, como festas ou caf\u00e9s da tarde.<span class=\"uJ19be notranslate\" data-wiz-uids=\"c9Y6A_1x,c9Y6A_1y,c9Y6A_1z\" data-complete=\"true\" data-processed=\"true\"><span class=\"vKEkVd\" data-animation-atomic=\"\" data-sae=\"\">\u00a0<\/span><\/span><\/p>\n<p>&nbsp;<\/p>\n<p>&nbsp;<\/p>\n","protected":false},"featured_media":3961,"template":"","meta":[],"_links":{"self":[{"href":"https:\/\/aluguefesta.net.br\/index.php\/wp-json\/wp\/v2\/product\/3960"}],"collection":[{"href":"https:\/\/aluguefesta.net.br\/index.php\/wp-json\/wp\/v2\/product"}],"about":[{"href":"https:\/\/aluguefesta.net.br\/index.php\/wp-json\/wp\/v2\/types\/product"}],"wp:featuredmedia":[{"embeddable":true,"href":"https:\/\/aluguefesta.net.br\/index.php\/wp-json\/wp\/v2\/media\/3961"}],"wp:attachment":[{"href":"https:\/\/aluguefesta.net.br\/index.php\/wp-json\/wp\/v2\/media?parent=3960"}],"curies":[{"name":"wp","href":"https:\/\/api.w.org\/{rel}","templated":true}]}}