{"id":3968,"date":"2025-11-28T14:38:10","date_gmt":"2025-11-28T17:38:10","guid":{"rendered":"https:\/\/aluguefesta.net.br\/?post_type=product&#038;p=3968"},"modified":"2026-01-12T14:38:40","modified_gmt":"2026-01-12T17:38:40","slug":"luminaria-led-fio-de-fada-2m-20-leds-baterias","status":"publish","type":"product","link":"https:\/\/aluguefesta.net.br\/index.php\/produto\/luminaria-led-fio-de-fada-2m-20-leds-baterias\/","title":{"rendered":"20 unidades de Lumin\u00e1ria Led FIO DE FADA (BRANCO NEVE FRIO)  2M 20 LEDS+ BATERIAS"},"content":{"rendered":"<p>20 UNIDADES DE LED 2M COR FRIA COM 20 LEDS<\/p>\n<p>VASO ILUSTRATIVO N\u00c3O INCLUSO , TEMOS PARA LOCA\u00c7\u00c3O OS VASOS E POTES DE VIDRO SEPARADOS<\/p>\n","protected":false},"excerpt":{"rendered":"<p>20 UNIDADES DE LED 2M COR FRIA COM 20 LEDS<\/p>\n<p>VASO ILUSTRATIVO N\u00c3O INCLUSO , TEMOS PARA LOCA\u00c7\u00c3O OS VASOS E POTES DE VIDRO SEPARADOS<\/p>\n","protected":false},"featured_media":3969,"template":"","meta":[],"_links":{"self":[{"href":"https:\/\/aluguefesta.net.br\/index.php\/wp-json\/wp\/v2\/product\/3968"}],"collection":[{"href":"https:\/\/aluguefesta.net.br\/index.php\/wp-json\/wp\/v2\/product"}],"about":[{"href":"https:\/\/aluguefesta.net.br\/index.php\/wp-json\/wp\/v2\/types\/product"}],"wp:featuredmedia":[{"embeddable":true,"href":"https:\/\/aluguefesta.net.br\/index.php\/wp-json\/wp\/v2\/media\/3969"}],"wp:attachment":[{"href":"https:\/\/aluguefesta.net.br\/index.php\/wp-json\/wp\/v2\/media?parent=3968"}],"curies":[{"name":"wp","href":"https:\/\/api.w.org\/{rel}","templated":true}]}}