{"id":3970,"date":"2025-11-28T14:44:51","date_gmt":"2025-11-28T17:44:51","guid":{"rendered":"https:\/\/aluguefesta.net.br\/?post_type=product&#038;p=3970"},"modified":"2026-01-12T14:38:25","modified_gmt":"2026-01-12T17:38:25","slug":"luminaria-led-fio-de-fada-branco-neve-quente-2m-20-leds-baterias-copia","status":"publish","type":"product","link":"https:\/\/aluguefesta.net.br\/index.php\/produto\/luminaria-led-fio-de-fada-branco-neve-quente-2m-20-leds-baterias-copia\/","title":{"rendered":"20 unidades de Lumin\u00e1ria Led FIO DE FADA (BRANCO QUENTE)  2M 20 LEDS+ BATERIAS"},"content":{"rendered":"<p>20 UNIDADES DE LED 2M COR QUENTE COM 20 LEDS<\/p>\n<p>VASO ILUSTRATIVO N\u00c3O INCLUSO , TEMOS PARA LOCA\u00c7\u00c3O OS VASOS E POTES DE VIDRO SEPARADOS<\/p>\n","protected":false},"excerpt":{"rendered":"<p>20 UNIDADES DE LED 2M COR QUENTE COM 20 LEDS<\/p>\n<p>VASO ILUSTRATIVO N\u00c3O INCLUSO , TEMOS PARA LOCA\u00c7\u00c3O OS VASOS E POTES DE VIDRO SEPARADOS<\/p>\n","protected":false},"featured_media":3973,"template":"","meta":[],"_links":{"self":[{"href":"https:\/\/aluguefesta.net.br\/index.php\/wp-json\/wp\/v2\/product\/3970"}],"collection":[{"href":"https:\/\/aluguefesta.net.br\/index.php\/wp-json\/wp\/v2\/product"}],"about":[{"href":"https:\/\/aluguefesta.net.br\/index.php\/wp-json\/wp\/v2\/types\/product"}],"wp:featuredmedia":[{"embeddable":true,"href":"https:\/\/aluguefesta.net.br\/index.php\/wp-json\/wp\/v2\/media\/3973"}],"wp:attachment":[{"href":"https:\/\/aluguefesta.net.br\/index.php\/wp-json\/wp\/v2\/media?parent=3970"}],"curies":[{"name":"wp","href":"https:\/\/api.w.org\/{rel}","templated":true}]}}