{"id":4036,"date":"2025-12-11T00:12:47","date_gmt":"2025-12-11T03:12:47","guid":{"rendered":"https:\/\/aluguefesta.net.br\/?post_type=product&#038;p=4036"},"modified":"2025-12-11T00:14:09","modified_gmt":"2025-12-11T03:14:09","slug":"arco-suporte-ferro-painel-tema-ano-novo-1-150m-regulavel-painel","status":"publish","type":"product","link":"https:\/\/aluguefesta.net.br\/index.php\/produto\/arco-suporte-ferro-painel-tema-ano-novo-1-150m-regulavel-painel\/","title":{"rendered":"Arco Suporte ferro + PAINEL TEMA ANO NOVO 1 1,50m regul\u00e1vel Painel"},"content":{"rendered":"<p>Suporte de ferro dourado Desmotavel ,esse item vai transform\u00e1 a decora\u00e7\u00e3o de sua festa.<br \/>\nPerfeito para anivers\u00e1rio casamento e batizado com sua estrutura desmont\u00e1vel, facil de montar e desmontar, dividido em tres partes, tornando a prepara\u00e7\u00e3o de sua festa muito mais rapida e facil.<br \/>\nSuporte redondo dourado<br \/>\nAltura 2 metros<br \/>\nDi\u00e2metro 1,5<br \/>\nDesmotavel<\/p>\n<p>PAINEL SUBLIMADO TEMA ANO NOVO<\/p>\n<p>Aten\u00e7\u00e3o : decora\u00e7\u00e3o nao inclusa no valor : item inclui somente o suporte + painel sublimado<\/p>\n","protected":false},"excerpt":{"rendered":"<p>Suporte de ferro dourado Desmotavel ,esse item vai transform\u00e1 a decora\u00e7\u00e3o de sua festa.<br \/>\nPerfeito para anivers\u00e1rio casamento e batizado com sua estrutura desmont\u00e1vel, facil de montar e desmontar, dividido em tres partes, tornando a prepara\u00e7\u00e3o de sua festa muito mais rapida e facil.<br \/>\nSuporte redondo dourado<br \/>\nAltura 2 metros<br \/>\nDi\u00e2metro 1,5<br \/>\nDesmotavel<\/p>\n<p>PAINEL SUBLIMADO TEMA ANO NOVO<\/p>\n<p>Aten\u00e7\u00e3o : decora\u00e7\u00e3o nao inclusa no valor : item inclui somente o suporte + painel sublimado<\/p>\n","protected":false},"featured_media":4037,"template":"","meta":[],"_links":{"self":[{"href":"https:\/\/aluguefesta.net.br\/index.php\/wp-json\/wp\/v2\/product\/4036"}],"collection":[{"href":"https:\/\/aluguefesta.net.br\/index.php\/wp-json\/wp\/v2\/product"}],"about":[{"href":"https:\/\/aluguefesta.net.br\/index.php\/wp-json\/wp\/v2\/types\/product"}],"wp:featuredmedia":[{"embeddable":true,"href":"https:\/\/aluguefesta.net.br\/index.php\/wp-json\/wp\/v2\/media\/4037"}],"wp:attachment":[{"href":"https:\/\/aluguefesta.net.br\/index.php\/wp-json\/wp\/v2\/media?parent=4036"}],"curies":[{"name":"wp","href":"https:\/\/api.w.org\/{rel}","templated":true}]}}