{"id":405,"date":"2020-07-29T23:02:25","date_gmt":"2020-07-30T02:02:25","guid":{"rendered":"https:\/\/aluguefesta.net.br\/?post_type=product&#038;p=405"},"modified":"2024-05-14T22:06:36","modified_gmt":"2024-05-15T01:06:36","slug":"jogo-de-bolachas-importadas-porta-copos-festa-buteco","status":"publish","type":"product","link":"https:\/\/aluguefesta.net.br\/index.php\/produto\/jogo-de-bolachas-importadas-porta-copos-festa-buteco\/","title":{"rendered":"jogo de Bolachas Tem\u00e1ticas Porta-Copos Festa Buteco"},"content":{"rendered":"<p>Jogo de bolachas em papel\u00e3o com 14\u00a0 unidades<\/p>\n<p>Ideal para decorar a mesa de buteco em anivers\u00e1rios e confraterniza\u00e7\u00f5es.<\/p>\n<p>Medida : 8cm<\/p>\n<p>*Valor Refere-se ao aluguel de 14 un.<\/p>\n","protected":false},"excerpt":{"rendered":"<p>Jogo de bolachas em papel\u00e3o com 06 unidades<\/p>\n<p>Ideal para decorar a mesa de buteco em anivers\u00e1rios e confraterniza\u00e7\u00f5es.<\/p>\n<p>&nbsp;<\/p>\n","protected":false},"featured_media":407,"template":"","meta":[],"_links":{"self":[{"href":"https:\/\/aluguefesta.net.br\/index.php\/wp-json\/wp\/v2\/product\/405"}],"collection":[{"href":"https:\/\/aluguefesta.net.br\/index.php\/wp-json\/wp\/v2\/product"}],"about":[{"href":"https:\/\/aluguefesta.net.br\/index.php\/wp-json\/wp\/v2\/types\/product"}],"wp:featuredmedia":[{"embeddable":true,"href":"https:\/\/aluguefesta.net.br\/index.php\/wp-json\/wp\/v2\/media\/407"}],"wp:attachment":[{"href":"https:\/\/aluguefesta.net.br\/index.php\/wp-json\/wp\/v2\/media?parent=405"}],"curies":[{"name":"wp","href":"https:\/\/api.w.org\/{rel}","templated":true}]}}