{"id":4059,"date":"2025-12-16T13:02:03","date_gmt":"2025-12-16T16:02:03","guid":{"rendered":"https:\/\/aluguefesta.net.br\/?post_type=product&#038;p=4059"},"modified":"2026-01-06T02:10:10","modified_gmt":"2026-01-06T05:10:10","slug":"taca-wind-espumante-210ml-sob-encomenda-primeira-locacao","status":"publish","type":"product","link":"https:\/\/aluguefesta.net.br\/index.php\/produto\/taca-wind-espumante-210ml-sob-encomenda-primeira-locacao\/","title":{"rendered":"Ta\u00e7a WIND Espumante 210ML (SOB ENCOMENDA PRIMEIRA LOCA\u00c7\u00c3O)"},"content":{"rendered":"<p>Esta ta\u00e7a \u00e9 ideal para saborear um bom champagne com bom gosto e qualidade. \u00c9 fabricada com vidro de alta qualidade, que oferece maior durabilidade e resist\u00eancia. Bel\u00edssimo jogo de ta\u00e7as para voc\u00ea servir um bom pr\u00f3-seco e brindar com requinte e eleg\u00e2ncia.<\/p>\n<p>Altura: 20 cm<br \/>\nLargura: 6 cm<br \/>\nProfundidade: 6 cm<br \/>\nCapacidade: 210 ml<\/p>\n","protected":false},"excerpt":{"rendered":"<p>Esta ta\u00e7a \u00e9 ideal para saborear um bom champagne com bom gosto e qualidade. \u00c9 fabricada com vidro de alta qualidade, que oferece maior durabilidade e resist\u00eancia. Bel\u00edssimo jogo de ta\u00e7as para voc\u00ea servir um bom pr\u00f3-seco e brindar com requinte e eleg\u00e2ncia.<\/p>\n<p>Altura: 20 cm<br \/>\nLargura: 6 cm<br \/>\nProfundidade: 6 cm<br \/>\nCapacidade: 210 ml<\/p>\n","protected":false},"featured_media":4114,"template":"","meta":[],"_links":{"self":[{"href":"https:\/\/aluguefesta.net.br\/index.php\/wp-json\/wp\/v2\/product\/4059"}],"collection":[{"href":"https:\/\/aluguefesta.net.br\/index.php\/wp-json\/wp\/v2\/product"}],"about":[{"href":"https:\/\/aluguefesta.net.br\/index.php\/wp-json\/wp\/v2\/types\/product"}],"wp:featuredmedia":[{"embeddable":true,"href":"https:\/\/aluguefesta.net.br\/index.php\/wp-json\/wp\/v2\/media\/4114"}],"wp:attachment":[{"href":"https:\/\/aluguefesta.net.br\/index.php\/wp-json\/wp\/v2\/media?parent=4059"}],"curies":[{"name":"wp","href":"https:\/\/api.w.org\/{rel}","templated":true}]}}