{"id":4094,"date":"2025-12-18T04:07:38","date_gmt":"2025-12-18T07:07:38","guid":{"rendered":"https:\/\/aluguefesta.net.br\/?post_type=product&#038;p=4094"},"modified":"2025-12-18T04:23:39","modified_gmt":"2025-12-18T07:23:39","slug":"kit-11-pecas-utensilios-de-cozinha-aco-inoxidavel-dourado","status":"publish","type":"product","link":"https:\/\/aluguefesta.net.br\/index.php\/produto\/kit-11-pecas-utensilios-de-cozinha-aco-inoxidavel-dourado\/","title":{"rendered":"Kit 11 Pe\u00e7as Utens\u00edlios De Cozinha A\u00e7o Inoxid\u00e1vel Dourado"},"content":{"rendered":"<p><strong>Material:<\/strong> Inox<\/p>\n<p>Cor Dourado<\/p>\n<p>Inclui:<\/p>\n<p>Esp\u00e1tula resistente<\/p>\n<p>Esp\u00e1tula para doces ou Peixe<\/p>\n<p>Colher Escorredora<\/p>\n<p>Colher para servir<\/p>\n<p>Concha de Servir<\/p>\n<p>Escumadeira<\/p>\n<p>Concha Coletora<\/p>\n<p>Concha de Molho<\/p>\n<p>Pegador de Massa<\/p>\n<p>Pegador universal<\/p>\n<p>Esp\u00e1tula de Carne<\/p>\n<p>&nbsp;<\/p>\n","protected":false},"excerpt":{"rendered":"<p>Cor Dourado<\/p>\n<p>Inclui:<\/p>\n<p>Esp\u00e1tula resistente<\/p>\n<p>Esp\u00e1tula para doces ou Peixe<\/p>\n<p>Colher Escorredora<\/p>\n<p>Colher para servir<\/p>\n<p>Concha de Servir<\/p>\n<p>Escumadeira<\/p>\n<p>Concha Coletora<\/p>\n<p>Concha de Molho<\/p>\n<p>Pegador de Massa<\/p>\n<p>Pegador universal<\/p>\n<p>Esp\u00e1tula de Carne<\/p>\n","protected":false},"featured_media":4097,"template":"","meta":[],"_links":{"self":[{"href":"https:\/\/aluguefesta.net.br\/index.php\/wp-json\/wp\/v2\/product\/4094"}],"collection":[{"href":"https:\/\/aluguefesta.net.br\/index.php\/wp-json\/wp\/v2\/product"}],"about":[{"href":"https:\/\/aluguefesta.net.br\/index.php\/wp-json\/wp\/v2\/types\/product"}],"wp:featuredmedia":[{"embeddable":true,"href":"https:\/\/aluguefesta.net.br\/index.php\/wp-json\/wp\/v2\/media\/4097"}],"wp:attachment":[{"href":"https:\/\/aluguefesta.net.br\/index.php\/wp-json\/wp\/v2\/media?parent=4094"}],"curies":[{"name":"wp","href":"https:\/\/api.w.org\/{rel}","templated":true}]}}