{"id":4101,"date":"2025-12-18T04:25:24","date_gmt":"2025-12-18T07:25:24","guid":{"rendered":"https:\/\/aluguefesta.net.br\/?post_type=product&#038;p=4101"},"modified":"2025-12-19T12:39:51","modified_gmt":"2025-12-19T15:39:51","slug":"xicara-de-cafe-belle-fio-de-ouro-cristal-com-pires-80ml","status":"publish","type":"product","link":"https:\/\/aluguefesta.net.br\/index.php\/produto\/xicara-de-cafe-belle-fio-de-ouro-cristal-com-pires-80ml\/","title":{"rendered":"X\u00edcara de Caf\u00e9 Belle Fio de Ouro Cristal com pires 80ml"},"content":{"rendered":"<p>x\u00edcara de Cristal\u00a0 \u00a0acabamento em fio de ouro.<\/p>\n<p>&nbsp;<\/p>\n","protected":false},"excerpt":{"rendered":"<p>x\u00edcara de Cristal\u00a0 \u00a0acabamento em fio de ouro.<\/p>\n","protected":false},"featured_media":4107,"template":"","meta":[],"_links":{"self":[{"href":"https:\/\/aluguefesta.net.br\/index.php\/wp-json\/wp\/v2\/product\/4101"}],"collection":[{"href":"https:\/\/aluguefesta.net.br\/index.php\/wp-json\/wp\/v2\/product"}],"about":[{"href":"https:\/\/aluguefesta.net.br\/index.php\/wp-json\/wp\/v2\/types\/product"}],"wp:featuredmedia":[{"embeddable":true,"href":"https:\/\/aluguefesta.net.br\/index.php\/wp-json\/wp\/v2\/media\/4107"}],"wp:attachment":[{"href":"https:\/\/aluguefesta.net.br\/index.php\/wp-json\/wp\/v2\/media?parent=4101"}],"curies":[{"name":"wp","href":"https:\/\/api.w.org\/{rel}","templated":true}]}}