{"id":4122,"date":"2025-12-22T12:49:40","date_gmt":"2025-12-22T15:49:40","guid":{"rendered":"https:\/\/aluguefesta.net.br\/?post_type=product&#038;p=4122"},"modified":"2026-01-19T13:19:41","modified_gmt":"2026-01-19T16:19:41","slug":"abridor-de-vinho-borgonha","status":"publish","type":"product","link":"https:\/\/aluguefesta.net.br\/index.php\/produto\/abridor-de-vinho-borgonha\/","title":{"rendered":"Abridor de vinho Borgonha"},"content":{"rendered":"<p>O Saca Rolhas da Original Line \u00e9 dois em um, estilo canivete, abre com facilidade as garrafas de vinho e atua tamb\u00e9m como abridor de garrafas. Para os apreciadores da bebida, este acess\u00f3rio \u00e9 indispens\u00e1vel por ser pequeno e pr\u00e1tico.<\/p>\n<p>&nbsp;<\/p>\n","protected":false},"excerpt":{"rendered":"<p>O Saca Rolhas da Original Line \u00e9 dois em um, estilo canivete, abre com facilidade as garrafas de vinho e atua tamb\u00e9m como abridor de garrafas. Para os apreciadores da bebida, este acess\u00f3rio \u00e9 indispens\u00e1vel por ser pequeno e pr\u00e1tico.<\/p>\n","protected":false},"featured_media":4123,"template":"","meta":[],"_links":{"self":[{"href":"https:\/\/aluguefesta.net.br\/index.php\/wp-json\/wp\/v2\/product\/4122"}],"collection":[{"href":"https:\/\/aluguefesta.net.br\/index.php\/wp-json\/wp\/v2\/product"}],"about":[{"href":"https:\/\/aluguefesta.net.br\/index.php\/wp-json\/wp\/v2\/types\/product"}],"wp:featuredmedia":[{"embeddable":true,"href":"https:\/\/aluguefesta.net.br\/index.php\/wp-json\/wp\/v2\/media\/4123"}],"wp:attachment":[{"href":"https:\/\/aluguefesta.net.br\/index.php\/wp-json\/wp\/v2\/media?parent=4122"}],"curies":[{"name":"wp","href":"https:\/\/api.w.org\/{rel}","templated":true}]}}