{"id":4157,"date":"2025-12-28T09:46:19","date_gmt":"2025-12-28T12:46:19","guid":{"rendered":"https:\/\/aluguefesta.net.br\/?post_type=product&#038;p=4157"},"modified":"2026-01-12T13:50:46","modified_gmt":"2026-01-12T16:50:46","slug":"decoracao-kit-luxo-completo-com-flores-naturais","status":"publish","type":"product","link":"https:\/\/aluguefesta.net.br\/index.php\/produto\/decoracao-kit-luxo-completo-com-flores-naturais\/","title":{"rendered":"Decora\u00e7\u00e3o Kit LUXO INDUSTRIAL Completo Com FLORES NATURAIS"},"content":{"rendered":"<p>KIT COMPOSI\u00c7\u00c3O COM MESAS Industriais<\/p>\n<p>Madeira MESA CUBO e ferro gold<\/p>\n<p>Medidas:<\/p>\n<p>1 MESA GRANDE COM P\u00c9S EM METAL OURO VELHO TAMPO 0,80 X 2,10M<br \/>\n1 mesa M: 70cm altura X 40cm comprimento x 40cm largura<\/p>\n<p>1 mesa P: 60cm altura X 30cm comprimento x 30cm largura<\/p>\n<p>1 mesa PP: 50cm altura X 30cm comprimento x 30cm largura<\/p>\n<p>01 MINI CABECEIRA\u00a0 C\/ 3 GAVETAS<\/p>\n<p>BANDEJAS :<\/p>\n<p>SUPORTE DE BOLO<\/p>\n<p>4 BANDEJAS EM CRISTAL<\/p>\n<p>2 BANDEJAS EM PRATA VELHA OU METAL GOLD<\/p>\n<p>ARRANJOS :<\/p>\n<p>FLORES DA ESTA\u00c7\u00c3O NATURAIS \u00c0 ESCOLHER<\/p>\n<p>2 ARRANJOS M PARA MESA<\/p>\n<p>4 ARRANJOS MINI DE COMPOSI\u00c7\u00c3O<\/p>\n<p>2 PLANTAS ORNAMENTAIS ENVASADAS<\/p>\n<p>&nbsp;<\/p>\n<p>JARROS :<\/p>\n<p>01 Jarro baixo em barro gold grande\u00a0 OU BRANCO<\/p>\n<p>04 Jarro baixo em barro gold mini<\/p>\n<p>&nbsp;<\/p>\n<p>TECIDO :<\/p>\n<p>VOIL OU CHIFON NA COR A ESCOLHER PARA COMPOR<\/p>\n<p>VALOR INCLUI A LOCA\u00c7\u00c3O DOS ITENS, VENDA DOS ARRANJOS NATURAIS, MONTAGEM , DESMONTAGEM E FRETE<\/p>\n","protected":false},"excerpt":{"rendered":"<p><a href=\"https:\/\/aluguefesta.net.br\/index.php\/produto\/decoracao-kit-completo\/\">KIT 4 MESAS Industriais<\/a><\/p>\n<p><a href=\"https:\/\/aluguefesta.net.br\/index.php\/produto\/decoracao-kit-completo\/\">Madeira e ferro gold<\/a><\/p>\n<p><a href=\"https:\/\/aluguefesta.net.br\/index.php\/produto\/decoracao-kit-completo\/\">Medidas:<\/a><br \/>\n<a href=\"https:\/\/aluguefesta.net.br\/index.php\/produto\/decoracao-kit-completo\/\">1 mesa G: 80cm altura X 90cm comprimento x 43cm largura<\/a><\/p>\n<p><a href=\"https:\/\/aluguefesta.net.br\/index.php\/produto\/decoracao-kit-completo\/\">1 mesa M: 70cm altura X 40cm comprimento x 40cm largura<\/a><\/p>\n<p><a href=\"https:\/\/aluguefesta.net.br\/index.php\/produto\/decoracao-kit-completo\/\">1 mesa P: 60cm altura X 30cm comprimento x 30cm largura<\/a><\/p>\n<p><a href=\"https:\/\/aluguefesta.net.br\/index.php\/produto\/decoracao-kit-completo\/\">1 mesa PP: 50cm altura X 30cm comprimento x 30cm largura<\/a><\/p>\n","protected":false},"featured_media":4158,"template":"","meta":[],"_links":{"self":[{"href":"https:\/\/aluguefesta.net.br\/index.php\/wp-json\/wp\/v2\/product\/4157"}],"collection":[{"href":"https:\/\/aluguefesta.net.br\/index.php\/wp-json\/wp\/v2\/product"}],"about":[{"href":"https:\/\/aluguefesta.net.br\/index.php\/wp-json\/wp\/v2\/types\/product"}],"wp:featuredmedia":[{"embeddable":true,"href":"https:\/\/aluguefesta.net.br\/index.php\/wp-json\/wp\/v2\/media\/4158"}],"wp:attachment":[{"href":"https:\/\/aluguefesta.net.br\/index.php\/wp-json\/wp\/v2\/media?parent=4157"}],"curies":[{"name":"wp","href":"https:\/\/api.w.org\/{rel}","templated":true}]}}