{"id":4161,"date":"2025-12-28T10:03:02","date_gmt":"2025-12-28T13:03:02","guid":{"rendered":"https:\/\/aluguefesta.net.br\/?post_type=product&#038;p=4161"},"modified":"2025-12-28T10:05:46","modified_gmt":"2025-12-28T13:05:46","slug":"quarteto-mesa-de-convidados-de-decoracao-garrafinha-reciclado-com-flor","status":"publish","type":"product","link":"https:\/\/aluguefesta.net.br\/index.php\/produto\/quarteto-mesa-de-convidados-de-decoracao-garrafinha-reciclado-com-flor\/","title":{"rendered":"QUARTETO MESA DE CONVIDADOS de decora\u00e7\u00e3o Garrafinha reciclado (COM FLOR)"},"content":{"rendered":"<p>KIT de vidros reciclaveis<\/p>\n<p>Valor Refere-se \u00e0 loca\u00e7\u00e3o dAS 4 PE\u00c7AS COM FLOR (4 UNIDADES)<\/p>\n<p>BOLACHA TRONCO + GARRAFINHA COM FLOR + COPO COM VELA + POTINHO COM FLOR<\/p>\n<p>Ideal para decora\u00e7\u00e3o, para colocar na mesa convidados, para casamento , XV anos e decora\u00e7\u00f5es em geral.<\/p>\n<p>em vidro<\/p>\n<p>&nbsp;<\/p>\n","protected":false},"excerpt":{"rendered":"<p>KIT de vidros reciclaveis<\/p>\n<p>Valor Refere-se \u00e0 loca\u00e7\u00e3o dAS 4 PE\u00c7AS COM FLOR (4 UNIDADES)<\/p>\n<p>BOLACHA TRONCO + GARRAFINHA COM FLOR + COPO COM VELA + POTINHO COM FLOR<\/p>\n<p>Ideal para decora\u00e7\u00e3o, para colocar na mesa convidados, para casamento , XV anos e decora\u00e7\u00f5es em geral.<\/p>\n<p>em vidro<\/p>\n","protected":false},"featured_media":1265,"template":"","meta":[],"_links":{"self":[{"href":"https:\/\/aluguefesta.net.br\/index.php\/wp-json\/wp\/v2\/product\/4161"}],"collection":[{"href":"https:\/\/aluguefesta.net.br\/index.php\/wp-json\/wp\/v2\/product"}],"about":[{"href":"https:\/\/aluguefesta.net.br\/index.php\/wp-json\/wp\/v2\/types\/product"}],"wp:featuredmedia":[{"embeddable":true,"href":"https:\/\/aluguefesta.net.br\/index.php\/wp-json\/wp\/v2\/media\/1265"}],"wp:attachment":[{"href":"https:\/\/aluguefesta.net.br\/index.php\/wp-json\/wp\/v2\/media?parent=4161"}],"curies":[{"name":"wp","href":"https:\/\/api.w.org\/{rel}","templated":true}]}}