{"id":417,"date":"2020-07-29T23:46:12","date_gmt":"2020-07-30T02:46:12","guid":{"rendered":"https:\/\/aluguefesta.net.br\/?post_type=product&#038;p=417"},"modified":"2025-01-13T19:08:06","modified_gmt":"2025-01-13T22:08:06","slug":"conjunto-de-porta-velas-coracao","status":"publish","type":"product","link":"https:\/\/aluguefesta.net.br\/index.php\/produto\/conjunto-de-porta-velas-coracao\/","title":{"rendered":"Conjunto de Porta-Velas Heart"},"content":{"rendered":"<p>Conjunto de Porta-velas Cora\u00e7\u00e3o em metal branco. 05 pe\u00e7as<\/p>\n<p>Ideal para decora\u00e7\u00e3o de mesa de bolo ou lounge<\/p>\n<ul>\n<li>N\u00e3o acompanha as velas &#8211; S\u00e3o vendidas separadamente 3,50 cada<\/li>\n<\/ul>\n<p>Medidas :10,\u00a0 16 e 20 cm altura<\/p>\n","protected":false},"excerpt":{"rendered":"<p>Conjunto de Porta-velas Cora\u00e7\u00e3o em metal. 05 pe\u00e7as<\/p>\n<p>Ideal para decora\u00e7\u00e3o de mesa de bolo ou lounge<\/p>\n<p>Medidas :10,\u00a0 16 e 19 cm altura<\/p>\n","protected":false},"featured_media":419,"template":"","meta":[],"_links":{"self":[{"href":"https:\/\/aluguefesta.net.br\/index.php\/wp-json\/wp\/v2\/product\/417"}],"collection":[{"href":"https:\/\/aluguefesta.net.br\/index.php\/wp-json\/wp\/v2\/product"}],"about":[{"href":"https:\/\/aluguefesta.net.br\/index.php\/wp-json\/wp\/v2\/types\/product"}],"wp:featuredmedia":[{"embeddable":true,"href":"https:\/\/aluguefesta.net.br\/index.php\/wp-json\/wp\/v2\/media\/419"}],"wp:attachment":[{"href":"https:\/\/aluguefesta.net.br\/index.php\/wp-json\/wp\/v2\/media?parent=417"}],"curies":[{"name":"wp","href":"https:\/\/api.w.org\/{rel}","templated":true}]}}