{"id":422,"date":"2020-07-30T00:01:29","date_gmt":"2020-07-30T03:01:29","guid":{"rendered":"https:\/\/aluguefesta.net.br\/?post_type=product&#038;p=422"},"modified":"2020-07-30T00:09:49","modified_gmt":"2020-07-30T03:09:49","slug":"jogo-de-porta-objetos-mini-bandejas","status":"publish","type":"product","link":"https:\/\/aluguefesta.net.br\/index.php\/produto\/jogo-de-porta-objetos-mini-bandejas\/","title":{"rendered":"jogo de Porta-Doces ou Objetos &#8211; Mini Bandejas Espelho"},"content":{"rendered":"<p>Jogo de Porta-doces ou objetos (mini-bandejas)\u00a0 em espelho. 06 pe\u00e7as<\/p>\n<p>linda pe\u00e7a que pode ser usada com v\u00e1rias fun\u00e7\u00f5es : porta-objetos, porta-doces,bandeja etc&#8230;<\/p>\n<p>Ideal para decora\u00e7\u00e3o de mesa de bolo ou lounge<\/p>\n<p>Medidas :10cm\u00a0 &#8211; forma octogonal<\/p>\n","protected":false},"excerpt":{"rendered":"<p>Jogo de Porta-doces ou objetos (mini-bandejas)\u00a0 em espelho. 06 pe\u00e7as<\/p>\n<p>Ideal para decora\u00e7\u00e3o de mesa de bolo ou lounge<\/p>\n<p>Medidas :10cm\u00a0 &#8211; forma octogonal<\/p>\n","protected":false},"featured_media":423,"template":"","meta":[],"_links":{"self":[{"href":"https:\/\/aluguefesta.net.br\/index.php\/wp-json\/wp\/v2\/product\/422"}],"collection":[{"href":"https:\/\/aluguefesta.net.br\/index.php\/wp-json\/wp\/v2\/product"}],"about":[{"href":"https:\/\/aluguefesta.net.br\/index.php\/wp-json\/wp\/v2\/types\/product"}],"wp:featuredmedia":[{"embeddable":true,"href":"https:\/\/aluguefesta.net.br\/index.php\/wp-json\/wp\/v2\/media\/423"}],"wp:attachment":[{"href":"https:\/\/aluguefesta.net.br\/index.php\/wp-json\/wp\/v2\/media?parent=422"}],"curies":[{"name":"wp","href":"https:\/\/api.w.org\/{rel}","templated":true}]}}