{"id":4285,"date":"2026-03-02T17:19:17","date_gmt":"2026-03-02T20:19:17","guid":{"rendered":"https:\/\/aluguefesta.net.br\/?post_type=product&#038;p=4285"},"modified":"2026-03-02T17:20:46","modified_gmt":"2026-03-02T20:20:46","slug":"servico-staff-montagem-de-painel-aux-de-decoracao-basico-1h-de-atuacao","status":"publish","type":"product","link":"https:\/\/aluguefesta.net.br\/index.php\/produto\/servico-staff-montagem-de-painel-aux-de-decoracao-basico-1h-de-atuacao\/","title":{"rendered":"Servi\u00e7o STAFF MONTAGEM DE PAINEL AUX DE DECORA\u00c7\u00c3O B\u00c1SICO- 1h de atua\u00e7\u00e3o"},"content":{"rendered":"<p>ARRUMA\u00c7\u00c3O DE MESA POSTA (AT\u00c9 15 MESAS)<\/p>\n<p>MONTAGEM DE MESA DE DOCES<\/p>\n<p>ORGANIZA\u00c7\u00c3O DO SAL\u00c3O<\/p>\n<p>AUXILIAR DE FLORIS<\/p>\n<p>MONTAGEM DE SUPORTE\/PAINEL<\/p>\n<p>(N\u00c3O INCLUI CARREGAR PESOS ACIMA DE 10 QUILOS,SENDO, NESTE CASO SERVI\u00c7O DE MONTADOR E CARREGADOR)<\/p>\n","protected":false},"excerpt":{"rendered":"<p>ARRUMA\u00c7\u00c3O DE MESA POSTA<\/p>\n<p>MONTAGEM DE MESA DE DOCES<\/p>\n<p>ORGANIZA\u00c7\u00c3O DO SAL\u00c3O<\/p>\n<p>AUXILIAR DE FLORISTA<\/p>\n<p>(N\u00c3O INCLUI CARREGAR PESOS ACIMA DE 10 QUILOS,SENDO, NESTE CASO SERVI\u00c7O DE MONTADOR E CARREGADOR)<\/p>\n","protected":false},"featured_media":86,"template":"","meta":[],"_links":{"self":[{"href":"https:\/\/aluguefesta.net.br\/index.php\/wp-json\/wp\/v2\/product\/4285"}],"collection":[{"href":"https:\/\/aluguefesta.net.br\/index.php\/wp-json\/wp\/v2\/product"}],"about":[{"href":"https:\/\/aluguefesta.net.br\/index.php\/wp-json\/wp\/v2\/types\/product"}],"wp:featuredmedia":[{"embeddable":true,"href":"https:\/\/aluguefesta.net.br\/index.php\/wp-json\/wp\/v2\/media\/86"}],"wp:attachment":[{"href":"https:\/\/aluguefesta.net.br\/index.php\/wp-json\/wp\/v2\/media?parent=4285"}],"curies":[{"name":"wp","href":"https:\/\/api.w.org\/{rel}","templated":true}]}}