{"id":4289,"date":"2026-03-02T18:45:07","date_gmt":"2026-03-02T21:45:07","guid":{"rendered":"https:\/\/aluguefesta.net.br\/?post_type=product&#038;p=4289"},"modified":"2026-03-02T18:50:15","modified_gmt":"2026-03-02T21:50:15","slug":"arco-suporte-ferro-romano-dourado-2x1m","status":"publish","type":"product","link":"https:\/\/aluguefesta.net.br\/index.php\/produto\/arco-suporte-ferro-romano-dourado-2x1m\/","title":{"rendered":"Arco Suporte ferro ROMANO Dourado 2x1m"},"content":{"rendered":"<p>Suporte de ferro dourado Desmotavel ,esse item vai transform\u00e1 a decora\u00e7\u00e3o de sua festa.<br \/>\nPerfeito para anivers\u00e1rio casamento e batizado com sua estrutura desmont\u00e1vel, facil de montar e desmontar, dividido em tres partes, tornando a prepara\u00e7\u00e3o de sua festa muito mais rapida e facil.<br \/>\nSuporteROMANO dourado<br \/>\nAltura 2 metros<br \/>\nDi\u00e2metro 1<br \/>\nDesmotavel<\/p>\n","protected":false},"excerpt":{"rendered":"<p>Suporte de ferro dourado Desmotavel ,esse item vai transform\u00e1 a decora\u00e7\u00e3o de sua festa.<br \/>\nPerfeito para anivers\u00e1rio casamento e batizado com sua estrutura desmont\u00e1vel, facil de montar e desmontar, dividido em tres partes, tornando a prepara\u00e7\u00e3o de sua festa muito mais rapida e facil.<br \/>\nSuporteROMANO dourado<br \/>\nAltura 2 metros<br \/>\nDi\u00e2metro 1<br \/>\nDesmotavel<\/p>\n<p>INSTALA\u00c7\u00c3O E MONTAGEM n\u00e3o inclusa<\/p>\n<p>FOTO ILUSTRATIVA &#8211; DECORA\u00c7\u00c3O NAO INCLUSA &#8211; PRE\u00c7O REFERE-SE A APENAS O SUPORTE<\/p>\n","protected":false},"featured_media":4293,"template":"","meta":[],"_links":{"self":[{"href":"https:\/\/aluguefesta.net.br\/index.php\/wp-json\/wp\/v2\/product\/4289"}],"collection":[{"href":"https:\/\/aluguefesta.net.br\/index.php\/wp-json\/wp\/v2\/product"}],"about":[{"href":"https:\/\/aluguefesta.net.br\/index.php\/wp-json\/wp\/v2\/types\/product"}],"wp:featuredmedia":[{"embeddable":true,"href":"https:\/\/aluguefesta.net.br\/index.php\/wp-json\/wp\/v2\/media\/4293"}],"wp:attachment":[{"href":"https:\/\/aluguefesta.net.br\/index.php\/wp-json\/wp\/v2\/media?parent=4289"}],"curies":[{"name":"wp","href":"https:\/\/api.w.org\/{rel}","templated":true}]}}