{"id":432,"date":"2020-07-30T01:20:46","date_gmt":"2020-07-30T04:20:46","guid":{"rendered":"https:\/\/aluguefesta.net.br\/?post_type=product&#038;p=432"},"modified":"2020-07-30T01:20:46","modified_gmt":"2020-07-30T04:20:46","slug":"enfeite-brega-retro-liquidificador","status":"publish","type":"product","link":"https:\/\/aluguefesta.net.br\/index.php\/produto\/enfeite-brega-retro-liquidificador\/","title":{"rendered":"Enfeite Brega-Retr\u00f4 Liquidificador"},"content":{"rendered":"<p>Lindo enfeite retr\u00f4 feito em cer\u00e2mica, pintado a m\u00e3o com tampa.<\/p>\n<p>Ideal para decorar Ch\u00e1 de panela, festa tem\u00e1tica etc..<\/p>\n<p>Tam. 23 x 10 x12cm<\/p>\n<p>*PE\u00c7A EXCLUSIVA<\/p>\n","protected":false},"excerpt":{"rendered":"<p>Lindo enfeite retr\u00f4 feito em cer\u00e2mica, pintado a m\u00e3o com tampa.<\/p>\n<p>Ideal para decorar Ch\u00e1 de panela, festa tem\u00e1tica etc..<\/p>\n<p>Tam. 23 x 10 x12cm<\/p>\n","protected":false},"featured_media":434,"template":"","meta":[],"_links":{"self":[{"href":"https:\/\/aluguefesta.net.br\/index.php\/wp-json\/wp\/v2\/product\/432"}],"collection":[{"href":"https:\/\/aluguefesta.net.br\/index.php\/wp-json\/wp\/v2\/product"}],"about":[{"href":"https:\/\/aluguefesta.net.br\/index.php\/wp-json\/wp\/v2\/types\/product"}],"wp:featuredmedia":[{"embeddable":true,"href":"https:\/\/aluguefesta.net.br\/index.php\/wp-json\/wp\/v2\/media\/434"}],"wp:attachment":[{"href":"https:\/\/aluguefesta.net.br\/index.php\/wp-json\/wp\/v2\/media?parent=432"}],"curies":[{"name":"wp","href":"https:\/\/api.w.org\/{rel}","templated":true}]}}