{"id":4363,"date":"2026-03-31T17:07:32","date_gmt":"2026-03-31T20:07:32","guid":{"rendered":"https:\/\/aluguefesta.net.br\/?post_type=product&#038;p=4363"},"modified":"2026-03-31T17:24:55","modified_gmt":"2026-03-31T20:24:55","slug":"conjunto-basico-de-8-bandejas-suporte-tabuas-tronco-madeira-rustica-para-bolo-e-doces-ou-frios-rusticos","status":"publish","type":"product","link":"https:\/\/aluguefesta.net.br\/index.php\/produto\/conjunto-basico-de-8-bandejas-suporte-tabuas-tronco-madeira-rustica-para-bolo-e-doces-ou-frios-rusticos\/","title":{"rendered":"Conjunto B\u00c1SICO de 8 bandejas suporte t\u00e1buas Tronco Madeira R\u00fastica Para bolo e doces ou Frios R\u00fasticos"},"content":{"rendered":"<p>1 suporte ferro grande \u2013 22 cm de altura e 48CM DE DIAMETRO da bolacha<\/p>\n<p>4 suportes CER\u00c2MICA m\u00e9dios \u2013 15 cm de altura e 18 DE DIAMETRO da bolacha<\/p>\n<p>2 suportes CER\u00c2MICA pequenos \u2013 12 cm de altura e 16 DE DIAMETRO da bolacha<\/p>\n<p>&nbsp;<\/p>\n<p>1 bolachas avulsa :20 DE DIAMETRO<\/p>\n<p>Vasinhos de planta n\u00e3o inclusos*<\/p>\n","protected":false},"excerpt":{"rendered":"<p>1 suporte ferro grande \u2013 22 cm de altura e 22 DE DIAMETRO da bolacha<\/p>\n<p>2 suportes ferro m\u00e9dios \u2013 16 cm de altura e 22 DE DIAMETRO da bolacha<\/p>\n<p>2 suportes ferro pequenos \u2013 4 cm de altura e 10\u00a0DE DIAMETRO da bolacha<\/p>\n<p>1 bolachas avulsa :20 DE DIAMETRO<\/p>\n<p>Vasinhos de planta n\u00e3o inclusos*<\/p>\n<p>&nbsp;<\/p>\n","protected":false},"featured_media":0,"template":"","meta":[],"_links":{"self":[{"href":"https:\/\/aluguefesta.net.br\/index.php\/wp-json\/wp\/v2\/product\/4363"}],"collection":[{"href":"https:\/\/aluguefesta.net.br\/index.php\/wp-json\/wp\/v2\/product"}],"about":[{"href":"https:\/\/aluguefesta.net.br\/index.php\/wp-json\/wp\/v2\/types\/product"}],"wp:attachment":[{"href":"https:\/\/aluguefesta.net.br\/index.php\/wp-json\/wp\/v2\/media?parent=4363"}],"curies":[{"name":"wp","href":"https:\/\/api.w.org\/{rel}","templated":true}]}}