{"id":713,"date":"2020-10-04T20:21:52","date_gmt":"2020-10-04T23:21:52","guid":{"rendered":"https:\/\/aluguefesta.net.br\/?post_type=product&#038;p=713"},"modified":"2020-10-04T20:21:53","modified_gmt":"2020-10-04T23:21:53","slug":"xicara-turca-p-cha-cafe","status":"publish","type":"product","link":"https:\/\/aluguefesta.net.br\/index.php\/produto\/xicara-turca-p-cha-cafe\/","title":{"rendered":"X\u00edcara Turca p\/ Ch\u00e1 , Caf\u00e9"},"content":{"rendered":"","protected":false},"excerpt":{"rendered":"<p>X\u00edcara Turca<\/p>\n<p>P\/ Ch\u00e1 , Caf\u00e9<\/p>\n","protected":false},"featured_media":534,"template":"","meta":[],"_links":{"self":[{"href":"https:\/\/aluguefesta.net.br\/index.php\/wp-json\/wp\/v2\/product\/713"}],"collection":[{"href":"https:\/\/aluguefesta.net.br\/index.php\/wp-json\/wp\/v2\/product"}],"about":[{"href":"https:\/\/aluguefesta.net.br\/index.php\/wp-json\/wp\/v2\/types\/product"}],"wp:featuredmedia":[{"embeddable":true,"href":"https:\/\/aluguefesta.net.br\/index.php\/wp-json\/wp\/v2\/media\/534"}],"wp:attachment":[{"href":"https:\/\/aluguefesta.net.br\/index.php\/wp-json\/wp\/v2\/media?parent=713"}],"curies":[{"name":"wp","href":"https:\/\/api.w.org\/{rel}","templated":true}]}}