{"id":731,"date":"2020-10-05T00:19:34","date_gmt":"2020-10-05T03:19:34","guid":{"rendered":"https:\/\/aluguefesta.net.br\/?post_type=product&#038;p=731"},"modified":"2025-09-29T16:28:20","modified_gmt":"2025-09-29T19:28:20","slug":"mesadobravel","status":"publish","type":"product","link":"https:\/\/aluguefesta.net.br\/index.php\/produto\/mesadobravel\/","title":{"rendered":"Mesa Alum\u00ednio Dobr\u00e1vel"},"content":{"rendered":"<p><strong>Dimens\u00f5es (cm):<\/strong> 63cm (C) x 7,5cm (L) x 47cm (A) (fechada) | 90cm (C) x 60cm (L) x 70cm (A) (aberta)<\/p>\n<p>Material: Estrutura de alum\u00ednio, tampa de MDF aluminizado e tecido oxford nos bancos<\/p>\n<p>***** BANQUETAS N\u00c3O INCLUSAS *****<\/p>\n","protected":false},"excerpt":{"rendered":"<p><strong>Dimens\u00f5es (cm):<\/strong> 63cm (C) x 7,5cm (L) x 47cm (A) (fechada) | 90cm (C) x 60cm (L) x 70cm (A) (aberta)<\/p>\n<p>Material: Estrutura de alum\u00ednio, tampa de MDF aluminizado e tecido oxford nos bancos<\/p>\n<p>BANQUETAS N\u00c3O INCLUSAS<\/p>\n","protected":false},"featured_media":721,"template":"","meta":[],"_links":{"self":[{"href":"https:\/\/aluguefesta.net.br\/index.php\/wp-json\/wp\/v2\/product\/731"}],"collection":[{"href":"https:\/\/aluguefesta.net.br\/index.php\/wp-json\/wp\/v2\/product"}],"about":[{"href":"https:\/\/aluguefesta.net.br\/index.php\/wp-json\/wp\/v2\/types\/product"}],"wp:featuredmedia":[{"embeddable":true,"href":"https:\/\/aluguefesta.net.br\/index.php\/wp-json\/wp\/v2\/media\/721"}],"wp:attachment":[{"href":"https:\/\/aluguefesta.net.br\/index.php\/wp-json\/wp\/v2\/media?parent=731"}],"curies":[{"name":"wp","href":"https:\/\/api.w.org\/{rel}","templated":true}]}}