{"id":787,"date":"2020-10-05T05:19:51","date_gmt":"2020-10-05T08:19:51","guid":{"rendered":"https:\/\/aluguefesta.net.br\/?post_type=product&#038;p=787"},"modified":"2020-10-05T05:21:38","modified_gmt":"2020-10-05T08:21:38","slug":"vaso-tern-m","status":"publish","type":"product","link":"https:\/\/aluguefesta.net.br\/index.php\/produto\/vaso-tern-m\/","title":{"rendered":"Vaso Tern &#8211; M"},"content":{"rendered":"<p>Vaso de vidro<\/p>\n<p>Medida 24 cm<\/p>\n<p>Lindo vaso de vidro, medindo 24 cm, indicado para decora\u00e7\u00e3o, para v\u00e1rios tipos de ornamenta\u00e7\u00f5es.<\/p>\n","protected":false},"excerpt":{"rendered":"<p>Vaso de vidro<\/p>\n<p>Medida 24 cm<\/p>\n<p>Lindo vaso de vidro, medindo 24 cm, indicado para decora\u00e7\u00e3o, para v\u00e1rios tipos de ornamenta\u00e7\u00f5es.<\/p>\n","protected":false},"featured_media":539,"template":"","meta":[],"_links":{"self":[{"href":"https:\/\/aluguefesta.net.br\/index.php\/wp-json\/wp\/v2\/product\/787"}],"collection":[{"href":"https:\/\/aluguefesta.net.br\/index.php\/wp-json\/wp\/v2\/product"}],"about":[{"href":"https:\/\/aluguefesta.net.br\/index.php\/wp-json\/wp\/v2\/types\/product"}],"wp:featuredmedia":[{"embeddable":true,"href":"https:\/\/aluguefesta.net.br\/index.php\/wp-json\/wp\/v2\/media\/539"}],"wp:attachment":[{"href":"https:\/\/aluguefesta.net.br\/index.php\/wp-json\/wp\/v2\/media?parent=787"}],"curies":[{"name":"wp","href":"https:\/\/api.w.org\/{rel}","templated":true}]}}