{"id":788,"date":"2020-10-05T05:21:56","date_gmt":"2020-10-05T08:21:56","guid":{"rendered":"https:\/\/aluguefesta.net.br\/?post_type=product&#038;p=788"},"modified":"2025-05-24T15:15:56","modified_gmt":"2025-05-24T18:15:56","slug":"vaso-deusa-m","status":"publish","type":"product","link":"https:\/\/aluguefesta.net.br\/index.php\/produto\/vaso-deusa-m\/","title":{"rendered":"Vaso Deusa &#8211; M"},"content":{"rendered":"<p>Vaso de vidro<\/p>\n<p>Medida 24 cm<\/p>\n<p>Lindo vaso de vidro, medindo 24 cm, indicado para decora\u00e7\u00e3o, para v\u00e1rios tipos de ornamenta\u00e7\u00f5es.<\/p>\n","protected":false},"excerpt":{"rendered":"<p>Vaso de vidro<\/p>\n<p>Medida 24 cm<\/p>\n<p>Lindo vaso de vidro, medindo 24 cm, indicado para decora\u00e7\u00e3o, para v\u00e1rios tipos de ornamenta\u00e7\u00f5es.<\/p>\n","protected":false},"featured_media":547,"template":"","meta":[],"_links":{"self":[{"href":"https:\/\/aluguefesta.net.br\/index.php\/wp-json\/wp\/v2\/product\/788"}],"collection":[{"href":"https:\/\/aluguefesta.net.br\/index.php\/wp-json\/wp\/v2\/product"}],"about":[{"href":"https:\/\/aluguefesta.net.br\/index.php\/wp-json\/wp\/v2\/types\/product"}],"wp:featuredmedia":[{"embeddable":true,"href":"https:\/\/aluguefesta.net.br\/index.php\/wp-json\/wp\/v2\/media\/547"}],"wp:attachment":[{"href":"https:\/\/aluguefesta.net.br\/index.php\/wp-json\/wp\/v2\/media?parent=788"}],"curies":[{"name":"wp","href":"https:\/\/api.w.org\/{rel}","templated":true}]}}