{"id":811,"date":"2020-10-05T15:00:02","date_gmt":"2020-10-05T18:00:02","guid":{"rendered":"https:\/\/aluguefesta.net.br\/?post_type=product&#038;p=811"},"modified":"2020-10-05T15:01:05","modified_gmt":"2020-10-05T18:01:05","slug":"gaiola-de-metal-p-preta","status":"publish","type":"product","link":"https:\/\/aluguefesta.net.br\/index.php\/produto\/gaiola-de-metal-p-preta\/","title":{"rendered":"Gaiola de metal P &#8211; Preta"},"content":{"rendered":"<p>Gaiola mini de ferro.<\/p>\n<p>Linda gaiolinha met\u00e1lica , ideal para decora\u00e7\u00e3o, mesa de bolo, mesa de bem casado e decora\u00e7\u00e3o em geral.<\/p>\n<p>8 cm alt<\/p>\n","protected":false},"excerpt":{"rendered":"<p>Gaiola mini de metal.<\/p>\n<p>Linda gaiolinha met\u00e1lica , ideal para decora\u00e7\u00e3o.<\/p>\n","protected":false},"featured_media":565,"template":"","meta":[],"_links":{"self":[{"href":"https:\/\/aluguefesta.net.br\/index.php\/wp-json\/wp\/v2\/product\/811"}],"collection":[{"href":"https:\/\/aluguefesta.net.br\/index.php\/wp-json\/wp\/v2\/product"}],"about":[{"href":"https:\/\/aluguefesta.net.br\/index.php\/wp-json\/wp\/v2\/types\/product"}],"wp:featuredmedia":[{"embeddable":true,"href":"https:\/\/aluguefesta.net.br\/index.php\/wp-json\/wp\/v2\/media\/565"}],"wp:attachment":[{"href":"https:\/\/aluguefesta.net.br\/index.php\/wp-json\/wp\/v2\/media?parent=811"}],"curies":[{"name":"wp","href":"https:\/\/api.w.org\/{rel}","templated":true}]}}