{"id":825,"date":"2020-10-05T15:54:43","date_gmt":"2020-10-05T18:54:43","guid":{"rendered":"https:\/\/aluguefesta.net.br\/?post_type=product&#038;p=825"},"modified":"2025-11-07T03:31:25","modified_gmt":"2025-11-07T06:31:25","slug":"caixote-retangular-baixo-m-madeira-natural","status":"publish","type":"product","link":"https:\/\/aluguefesta.net.br\/index.php\/produto\/caixote-retangular-baixo-m-madeira-natural\/","title":{"rendered":"Caixote Retangular Baixo M &#8211; Madeira Natural"},"content":{"rendered":"<p>Caixote na cor branca 42x20cm<\/p>\n<p>Madeira Cor natural<\/p>\n<p>Ideal para decora\u00e7\u00e3o r\u00fastica, boho<\/p>\n","protected":false},"excerpt":{"rendered":"<p>Caixote na cor branca 42x20cm<\/p>\n<p>Madeira Cor natural<\/p>\n<p>Ideal para decora\u00e7\u00e3o r\u00fastica, boho<\/p>\n","protected":false},"featured_media":587,"template":"","meta":[],"_links":{"self":[{"href":"https:\/\/aluguefesta.net.br\/index.php\/wp-json\/wp\/v2\/product\/825"}],"collection":[{"href":"https:\/\/aluguefesta.net.br\/index.php\/wp-json\/wp\/v2\/product"}],"about":[{"href":"https:\/\/aluguefesta.net.br\/index.php\/wp-json\/wp\/v2\/types\/product"}],"wp:featuredmedia":[{"embeddable":true,"href":"https:\/\/aluguefesta.net.br\/index.php\/wp-json\/wp\/v2\/media\/587"}],"wp:attachment":[{"href":"https:\/\/aluguefesta.net.br\/index.php\/wp-json\/wp\/v2\/media?parent=825"}],"curies":[{"name":"wp","href":"https:\/\/api.w.org\/{rel}","templated":true}]}}