{"id":827,"date":"2020-10-05T16:03:54","date_gmt":"2020-10-05T19:03:54","guid":{"rendered":"https:\/\/aluguefesta.net.br\/?post_type=product&#038;p=827"},"modified":"2025-07-07T10:19:31","modified_gmt":"2025-07-07T13:19:31","slug":"jogo-de-cha-cafe-inox-06-pecas","status":"publish","type":"product","link":"https:\/\/aluguefesta.net.br\/index.php\/produto\/jogo-de-cha-cafe-inox-06-pecas\/","title":{"rendered":"Jogo de Ch\u00e1 \/ Caf\u00e9 &#8211; Inox 06 Pe\u00e7as"},"content":{"rendered":"<p>Lindo Jogo de Ch\u00e1 \/ Caf\u00e9 &#8211; Inox 06 Pe\u00e7as<\/p>\n<p>01 mini leiteira<\/p>\n<p>01 Mini Cafeteira<\/p>\n<p>1 manteigueira<\/p>\n<p>01 a\u00e7ucareiro<\/p>\n<p>01 porta &#8211; ado\u00e7ante<\/p>\n<p>01 porta Chocolate em p\u00f3<\/p>\n<p>Ideal para decorar mesa de ch\u00e1 \/ caf\u00e9 em eventos menores \/ mini wedding etc.<\/p>\n<p>&nbsp;<\/p>\n","protected":false},"excerpt":{"rendered":"<p>Lindo Jogo de Ch\u00e1 \/ Caf\u00e9 &#8211; Inox 06 Pe\u00e7as<\/p>\n<p>01 mini leiteira<\/p>\n<p>01 Mini Cafeteira<\/p>\n<p>1 manteigueira<\/p>\n<p>01 a\u00e7ucareiro<\/p>\n<p>01 porta &#8211; ado\u00e7ante<\/p>\n<p>01 porta Chocolate em p\u00f3<\/p>\n<p>Ideal para decorar mesa de ch\u00e1 \/ caf\u00e9 em eventos menores \/ mini wedding etc.<\/p>\n","protected":false},"featured_media":605,"template":"","meta":[],"_links":{"self":[{"href":"https:\/\/aluguefesta.net.br\/index.php\/wp-json\/wp\/v2\/product\/827"}],"collection":[{"href":"https:\/\/aluguefesta.net.br\/index.php\/wp-json\/wp\/v2\/product"}],"about":[{"href":"https:\/\/aluguefesta.net.br\/index.php\/wp-json\/wp\/v2\/types\/product"}],"wp:featuredmedia":[{"embeddable":true,"href":"https:\/\/aluguefesta.net.br\/index.php\/wp-json\/wp\/v2\/media\/605"}],"wp:attachment":[{"href":"https:\/\/aluguefesta.net.br\/index.php\/wp-json\/wp\/v2\/media?parent=827"}],"curies":[{"name":"wp","href":"https:\/\/api.w.org\/{rel}","templated":true}]}}