{"id":831,"date":"2020-10-05T16:16:18","date_gmt":"2020-10-05T19:16:18","guid":{"rendered":"https:\/\/aluguefesta.net.br\/?post_type=product&#038;p=831"},"modified":"2025-11-07T03:36:16","modified_gmt":"2025-11-07T06:36:16","slug":"tabua-de-pao-com-faca","status":"publish","type":"product","link":"https:\/\/aluguefesta.net.br\/index.php\/produto\/tabua-de-pao-com-faca\/","title":{"rendered":"T\u00e1bua de P\u00e3o &#8211; migalheira com Faca Inox Madeira Bambu"},"content":{"rendered":"<p>T\u00e1bua de P\u00e3o &#8211; migalheira com Faca Inox &#8211; 38 cm X 20 cm<\/p>\n<p>ideal para servir<\/p>\n","protected":false},"excerpt":{"rendered":"<p>T\u00e1bua de P\u00e3o &#8211; migalheira com Faca Inox &#8211; 38 cm X 20 cm<\/p>\n<p>ideal para servir<\/p>\n","protected":false},"featured_media":612,"template":"","meta":[],"_links":{"self":[{"href":"https:\/\/aluguefesta.net.br\/index.php\/wp-json\/wp\/v2\/product\/831"}],"collection":[{"href":"https:\/\/aluguefesta.net.br\/index.php\/wp-json\/wp\/v2\/product"}],"about":[{"href":"https:\/\/aluguefesta.net.br\/index.php\/wp-json\/wp\/v2\/types\/product"}],"wp:featuredmedia":[{"embeddable":true,"href":"https:\/\/aluguefesta.net.br\/index.php\/wp-json\/wp\/v2\/media\/612"}],"wp:attachment":[{"href":"https:\/\/aluguefesta.net.br\/index.php\/wp-json\/wp\/v2\/media?parent=831"}],"curies":[{"name":"wp","href":"https:\/\/api.w.org\/{rel}","templated":true}]}}