{"id":840,"date":"2020-10-05T17:03:21","date_gmt":"2020-10-05T20:03:21","guid":{"rendered":"https:\/\/aluguefesta.net.br\/?post_type=product&#038;p=840"},"modified":"2020-10-05T17:04:06","modified_gmt":"2020-10-05T20:04:06","slug":"vaso-gift-m","status":"publish","type":"product","link":"https:\/\/aluguefesta.net.br\/index.php\/produto\/vaso-gift-m\/","title":{"rendered":"Vaso Gift &#8211; M"},"content":{"rendered":"<p>Vaso de vidro<\/p>\n<p>Medida 24 cm<\/p>\n<p>Lindo vaso de vidro, medindo 24 cm, indicado para decora\u00e7\u00e3o, para v\u00e1rios tipos de ornamenta\u00e7\u00f5es.<\/p>\n","protected":false},"excerpt":{"rendered":"<p>Vaso de vidro<\/p>\n<p>Medida 24 cm<\/p>\n<p>Lindo vaso de vidro, medindo 24 cm, indicado para decora\u00e7\u00e3o, para v\u00e1rios tipos de ornamenta\u00e7\u00f5es.<\/p>\n","protected":false},"featured_media":660,"template":"","meta":[],"_links":{"self":[{"href":"https:\/\/aluguefesta.net.br\/index.php\/wp-json\/wp\/v2\/product\/840"}],"collection":[{"href":"https:\/\/aluguefesta.net.br\/index.php\/wp-json\/wp\/v2\/product"}],"about":[{"href":"https:\/\/aluguefesta.net.br\/index.php\/wp-json\/wp\/v2\/types\/product"}],"wp:featuredmedia":[{"embeddable":true,"href":"https:\/\/aluguefesta.net.br\/index.php\/wp-json\/wp\/v2\/media\/660"}],"wp:attachment":[{"href":"https:\/\/aluguefesta.net.br\/index.php\/wp-json\/wp\/v2\/media?parent=840"}],"curies":[{"name":"wp","href":"https:\/\/api.w.org\/{rel}","templated":true}]}}