{"id":845,"date":"2020-10-05T17:17:32","date_gmt":"2020-10-05T20:17:32","guid":{"rendered":"https:\/\/aluguefesta.net.br\/?post_type=product&#038;p=845"},"modified":"2020-10-10T02:00:04","modified_gmt":"2020-10-10T05:00:04","slug":"bau-porta-cha-mdf-dourado","status":"publish","type":"product","link":"https:\/\/aluguefesta.net.br\/index.php\/produto\/bau-porta-cha-mdf-dourado\/","title":{"rendered":"Ba\u00fa Porta &#8211; Ch\u00e1 MDF &#8211; Dourado"},"content":{"rendered":"<p>Ba\u00fa Porta &#8211; Ch\u00e1 MDF Dourado\u00a0 32x 20 x 16<\/p>\n<p>Ideal para decora\u00e7\u00e3o r\u00fastica, boho<\/p>\n","protected":false},"excerpt":{"rendered":"<p>Ba\u00fa Porta &#8211; Ch\u00e1 MDF Dourado\u00a0 32x 20 x 16<\/p>\n<p>Ideal para decora\u00e7\u00e3o r\u00fastica, boho<\/p>\n","protected":false},"featured_media":665,"template":"","meta":[],"_links":{"self":[{"href":"https:\/\/aluguefesta.net.br\/index.php\/wp-json\/wp\/v2\/product\/845"}],"collection":[{"href":"https:\/\/aluguefesta.net.br\/index.php\/wp-json\/wp\/v2\/product"}],"about":[{"href":"https:\/\/aluguefesta.net.br\/index.php\/wp-json\/wp\/v2\/types\/product"}],"wp:featuredmedia":[{"embeddable":true,"href":"https:\/\/aluguefesta.net.br\/index.php\/wp-json\/wp\/v2\/media\/665"}],"wp:attachment":[{"href":"https:\/\/aluguefesta.net.br\/index.php\/wp-json\/wp\/v2\/media?parent=845"}],"curies":[{"name":"wp","href":"https:\/\/api.w.org\/{rel}","templated":true}]}}