{"id":869,"date":"2020-10-07T04:00:34","date_gmt":"2020-10-07T07:00:34","guid":{"rendered":"https:\/\/aluguefesta.net.br\/?post_type=product&#038;p=869"},"modified":"2025-09-19T17:18:31","modified_gmt":"2025-09-19T20:18:31","slug":"garfo-de-sobrmesa-inox","status":"publish","type":"product","link":"https:\/\/aluguefesta.net.br\/index.php\/produto\/garfo-de-sobrmesa-inox\/","title":{"rendered":"Garfo de Sobremesa Inox Luxo"},"content":{"rendered":"<p><strong>Material:<\/strong>\u00a0Inox<\/p>\n<p>Medidas: Espessura 1mm Comprimento: 17 cm<\/p>\n","protected":false},"excerpt":{"rendered":"<p>A linha Am\u00e9rica tem o cabo com grafismo em relevo oval que combina com qualquer mesa, al\u00e9m disso \u00e9 produzido em inox que garante maior qualidade.<\/p>\n<p><strong>Cuidados:<\/strong><\/p>\n<p>\u2022 Para manter seus talheres sempre brilhando, lave com esponja macia, sab\u00e3o ou detergente neutro. Produtos abrasivos como palha de a\u00e7o podem riscar e prejudicar o brilho<br \/>\n\u2022 Seque imediatamente para evitar manchas<br \/>\n\u2022 Recomenda-se o uso de \u00e1gua quente para melhorar o brilho<br \/>\n\u2022 N\u00e3o guarde em local \u00famido, a umidade pode provocar manchas.<\/p>\n<p><strong>Material:<\/strong>\u00a0Inox<\/p>\n<p>Medidas: Espessura 1mm Comprimento: 17 centimetros<\/p>\n","protected":false},"featured_media":868,"template":"","meta":[],"_links":{"self":[{"href":"https:\/\/aluguefesta.net.br\/index.php\/wp-json\/wp\/v2\/product\/869"}],"collection":[{"href":"https:\/\/aluguefesta.net.br\/index.php\/wp-json\/wp\/v2\/product"}],"about":[{"href":"https:\/\/aluguefesta.net.br\/index.php\/wp-json\/wp\/v2\/types\/product"}],"wp:featuredmedia":[{"embeddable":true,"href":"https:\/\/aluguefesta.net.br\/index.php\/wp-json\/wp\/v2\/media\/868"}],"wp:attachment":[{"href":"https:\/\/aluguefesta.net.br\/index.php\/wp-json\/wp\/v2\/media?parent=869"}],"curies":[{"name":"wp","href":"https:\/\/api.w.org\/{rel}","templated":true}]}}