{"id":893,"date":"2020-10-08T02:44:24","date_gmt":"2020-10-08T05:44:24","guid":{"rendered":"https:\/\/aluguefesta.net.br\/?post_type=product&#038;p=893"},"modified":"2024-12-08T23:17:50","modified_gmt":"2024-12-09T02:17:50","slug":"cordao-fio-de-luz-10-leds-60-letras","status":"publish","type":"product","link":"https:\/\/aluguefesta.net.br\/index.php\/produto\/cordao-fio-de-luz-10-leds-60-letras\/","title":{"rendered":"Cord\u00e3o Fio De Luz 10 Leds + 60 Letras"},"content":{"rendered":"<p>Lindo cord\u00e3o de led com letras luminosas<\/p>\n<p>Ideal para Decora\u00e7\u00e3o de Festas e Eventos<\/p>\n<p>1 cord\u00e3o com 10 caixinhas de luz para letras<br \/>\n60 letras e s\u00edmbolos pretas.<\/p>\n<p>Luz branca;<br \/>\nAlimenta\u00e7\u00e3o: Duas pilhas AA n\u00e3o inclusas.<br \/>\nCord\u00e3o com 1,65 metros<br \/>\nCaixinhas de luz para letras com 3,5 x 6,5 x 2 cm (largura x altura x profundidade)<\/p>\n","protected":false},"excerpt":{"rendered":"<p>Lindo cord\u00e3o de led com letras luminosas<\/p>\n<p>Ideal para Decora\u00e7\u00e3o de Festas e Eventos<\/p>\n<p>1 cord\u00e3o com 10 caixinhas de luz para letras<br \/>\n60 letras e s\u00edmbolos pretas.<\/p>\n","protected":false},"featured_media":892,"template":"","meta":[],"_links":{"self":[{"href":"https:\/\/aluguefesta.net.br\/index.php\/wp-json\/wp\/v2\/product\/893"}],"collection":[{"href":"https:\/\/aluguefesta.net.br\/index.php\/wp-json\/wp\/v2\/product"}],"about":[{"href":"https:\/\/aluguefesta.net.br\/index.php\/wp-json\/wp\/v2\/types\/product"}],"wp:featuredmedia":[{"embeddable":true,"href":"https:\/\/aluguefesta.net.br\/index.php\/wp-json\/wp\/v2\/media\/892"}],"wp:attachment":[{"href":"https:\/\/aluguefesta.net.br\/index.php\/wp-json\/wp\/v2\/media?parent=893"}],"curies":[{"name":"wp","href":"https:\/\/api.w.org\/{rel}","templated":true}]}}