{"id":952,"date":"2020-10-10T02:49:33","date_gmt":"2020-10-10T05:49:33","guid":{"rendered":"https:\/\/aluguefesta.net.br\/?post_type=product&#038;p=952"},"modified":"2025-10-27T13:30:41","modified_gmt":"2025-10-27T16:30:41","slug":"prato-suporte-bolo-ou-doce-com-pe-belle-m-dourado-gold","status":"publish","type":"product","link":"https:\/\/aluguefesta.net.br\/index.php\/produto\/prato-suporte-bolo-ou-doce-com-pe-belle-m-dourado-gold\/","title":{"rendered":"Prato suporte Bolo ou Doce com p\u00e9 &#8211; Belle M &#8211; Dourado &#8211; Gold"},"content":{"rendered":"<p>Linda Pe\u00e7a de Porcelana Dourada 02 p\u00e7s<\/p>\n<p>Pode ser usada como porta-doces , suporte de bem casados, prato de bolo<\/p>\n<p>Medidas : prato 20cm, 10 de altura<\/p>\n<p>*Pe\u00e7a Exclusiva<\/p>\n","protected":false},"excerpt":{"rendered":"<p>Linda Pe\u00e7a de Porcelana Dourada 02 p\u00e7s<\/p>\n<p>Pode ser usada como porta-doces , suporte de bem casados, prato de bolo<\/p>\n<p>Medidas : prato 23cm, 10 de altura<\/p>\n<p>*Pe\u00e7a Exclusiva<\/p>\n","protected":false},"featured_media":907,"template":"","meta":[],"_links":{"self":[{"href":"https:\/\/aluguefesta.net.br\/index.php\/wp-json\/wp\/v2\/product\/952"}],"collection":[{"href":"https:\/\/aluguefesta.net.br\/index.php\/wp-json\/wp\/v2\/product"}],"about":[{"href":"https:\/\/aluguefesta.net.br\/index.php\/wp-json\/wp\/v2\/types\/product"}],"wp:featuredmedia":[{"embeddable":true,"href":"https:\/\/aluguefesta.net.br\/index.php\/wp-json\/wp\/v2\/media\/907"}],"wp:attachment":[{"href":"https:\/\/aluguefesta.net.br\/index.php\/wp-json\/wp\/v2\/media?parent=952"}],"curies":[{"name":"wp","href":"https:\/\/api.w.org\/{rel}","templated":true}]}}